{"id":11998,"date":"2017-03-06T11:15:56","date_gmt":"2017-03-06T11:15:56","guid":{"rendered":"http:\/\/batadec.com\/?page_id=11998"},"modified":"2018-05-22T14:55:08","modified_gmt":"2018-05-22T14:55:08","slug":"home-2","status":"publish","type":"page","link":"http:\/\/batadec.com\/es\/","title":{"rendered":"Home"},"content":{"rendered":"<p>[vc_row][vc_column][rev_slider_vc alias=\u00bbslider-home-4&#8243;][\/vc_column][\/vc_row][vc_row layout=\u00bbboxed\u00bb el_class=\u00bbmargin-bottom-45&#8243; css=\u00bb.vc_custom_1446718428528{padding-top: 60px !important;padding-bottom: 10px !important;}\u00bb][vc_column width=\u00bb1\/2&#8243;]\t\t\t<div class=\"cortana-heading border-bottom left style1 \" >\n\t\t\t\t\t\t\t\t\t<h2 style=\"font-size:14px\">SOBRE NOSOTROS<\/h2>\n\t\t\t\t\t\t\t<\/div>\n\t\t\t[vc_column_text el_class=\u00bbmargin-bottom-25&#8243;]El Batadec Comercio Instrumento de dentista, Lda., Se presenta en el mercado desde el a\u00f1o 2001 como una empresa innovadora dedicada al campo de la odontolog\u00eda. Hemos estado proporcionando profesionales m\u00e9dicos, equipos de calidad y servicios para satisfacer sus necesidades.[\/vc_column_text]\t\t\t\t\t\t\t<a class=\"cortana-button size-lg style1 icon-buttonleft  \"\n\t\t\t\t   href=\"http:\/\/batadec.com\/empresa\/\"\n\t\t\t\t   title=\"Saber mas\"\n\t\t\t\t   target=\"_self\"\n\t\t\t\t\t>\n\t\t\t\t\tSaber mas\t\t\t\t<\/a>\n\t\t\t\t\t\t[\/vc_column][vc_column width=\u00bb1\/2&#8243;]\t\t\t<div class=\"cortana-client opacity80 style1\n\t\t\t \" >\n\t\t\t\t\t\t\t\t\t<h3 class=\"cortana-title border-bottom\">MARCAS<\/h3>\n\t\t\t\t\t\t\t\t\t\t\t\t\t<div class=\"client-grid col-4\">\n\t\t\t\t\t\t\t\t\t\t\t\t\t\t<div class=\"content-middle-inner\"><img width=\"170\" height=\"85\" src=\"http:\/\/batadec.com\/wp-content\/uploads\/2017\/03\/Astra-logo.png\" class=\"attachment-full\" alt=\"\" loading=\"lazy\" \/><\/div>\n\t\t\t\t\t\t\t\t\t\t\t\t\t\t\t<div class=\"content-middle-inner\"><img width=\"170\" height=\"85\" src=\"http:\/\/batadec.com\/wp-content\/uploads\/2017\/03\/batadec-logo.png\" class=\"attachment-full\" alt=\"\" loading=\"lazy\" \/><\/div>\n\t\t\t\t\t\t\t\t\t\t\t\t\t\t\t<div class=\"content-middle-inner\"><img width=\"170\" height=\"85\" src=\"http:\/\/batadec.com\/wp-content\/uploads\/2017\/03\/BELMONT_Logo-1.png\" class=\"attachment-full\" alt=\"\" loading=\"lazy\" \/><\/div>\n\t\t\t\t\t\t\t\t\t\t\t\t\t\t\t<div class=\"content-middle-inner\"><img width=\"170\" height=\"85\" src=\"http:\/\/batadec.com\/wp-content\/uploads\/2017\/03\/durr-dental-logo.png\" class=\"attachment-full\" alt=\"\" loading=\"lazy\" \/><\/div>\n\t\t\t\t\t\t\t\t\t\t\t\t\t\t\t<div class=\"content-middle-inner\"><img width=\"170\" height=\"85\" src=\"http:\/\/batadec.com\/wp-content\/uploads\/2017\/03\/logo_mestra.png\" class=\"attachment-full\" alt=\"\" loading=\"lazy\" \/><\/div>\n\t\t\t\t\t\t\t\t\t\t\t\t\t\t\t<div class=\"content-middle-inner\"><img width=\"170\" height=\"85\" src=\"http:\/\/batadec.com\/wp-content\/uploads\/2017\/03\/nsk-logo.png\" class=\"attachment-full\" alt=\"\" loading=\"lazy\" \/><\/div>\n\t\t\t\t\t\t\t\t\t\t\t\t\t\t\t<div class=\"content-middle-inner\"><img width=\"170\" height=\"85\" src=\"http:\/\/batadec.com\/wp-content\/uploads\/2017\/03\/satelec-logo.png\" class=\"attachment-full\" alt=\"\" loading=\"lazy\" \/><\/div>\n\t\t\t\t\t\t\t\t\t\t\t\t\t\t\t<div class=\"content-middle-inner\"><img width=\"170\" height=\"85\" src=\"http:\/\/batadec.com\/wp-content\/uploads\/2017\/03\/Vatech-logo.png\" class=\"attachment-full\" alt=\"\" loading=\"lazy\" \/><\/div>\n\t\t\t\t\t\t\t\t\t\t\t\t\t\t\t<div class=\"content-middle-inner\"><img width=\"170\" height=\"84\" src=\"http:\/\/batadec.com\/wp-content\/uploads\/2017\/03\/zeiss-logo.jpg\" class=\"attachment-full\" alt=\"\" loading=\"lazy\" \/><\/div>\n\t\t\t\t\t\t\t\t\t\t\t\t<\/div>\n\t\t\t\t\t\t\t<\/div>\n\t\t\t[\/vc_column][\/vc_row][vc_row layout=\u00bbboxed\u00bb][vc_column]\t\t\t<div class=\"cortana-heading border-bottom left style1 \" >\n\t\t\t\t\t\t\t\t\t<h2 style=\"font-size:14px\">SERVICIOS<\/h2>\n\t\t\t\t\t\t\t<\/div>\n\t\t\t[\/vc_column][\/vc_row][vc_row layout=\u00bbboxed\u00bb css=\u00bb.vc_custom_1489402115154{margin-bottom: 55px !important;}\u00bb][vc_column width=\u00bb1\/3&#8243;][vc_single_image image=\u00bb12243&#8243; img_size=\u00bb370&#215;247&#8243; alignment=\u00bbcenter\u00bb][vc_empty_space][vc_column_text el_class=\u00bbmargin-bottom-40&#8243;]<\/p>\n<p style=\"text-align: center;\"><strong>NUEVO EQUIPO<\/strong><\/p>\n<p>[\/vc_column_text][\/vc_column][vc_column width=\u00bb1\/3&#8243;][vc_single_image image=\u00bb12244&#8243; img_size=\u00bb370&#215;247&#8243; alignment=\u00bbcenter\u00bb][vc_empty_space][vc_column_text el_class=\u00bbmargin-bottom-40&#8243;]<\/p>\n<p style=\"text-align: center;\"><strong>ASISTENCIA T\u00c9CNICA<\/strong><\/p>\n<p>[\/vc_column_text][\/vc_column][vc_column width=\u00bb1\/3&#8243;][vc_single_image image=\u00bb12246&#8243; img_size=\u00bb370&#215;247&#8243;][vc_empty_space][vc_column_text el_class=\u00bbmargin-bottom-40&#8243;]<\/p>\n<p style=\"text-align: center;\"><strong>AYUDA\u00a0DE\u00a0LA\u00a0COMPUTADORA<\/strong><\/p>\n<p>[\/vc_column_text][\/vc_column][\/vc_row][vc_row layout=\u00bbboxed\u00bb el_class=\u00bbmargin-bottom-50&#8243; css=\u00bb.vc_custom_1490286735352{border-bottom-width: 1px !important;padding-bottom: 65px !important;border-bottom-color: #eeeeee !important;border-bottom-style: solid !important;}\u00bb][vc_column]\t\t\t<div class=\"cortana-heading border-bottom left style1 \" >\n\t\t\t\t\t\t\t\t\t<h2 style=\"font-size:14px\">Eventos con la participaci\u00f3n de Batadec<\/h2>\n\t\t\t\t\t\t\t<\/div>\n\t\t\t[\/vc_column][\/vc_row][vc_row layout=\u00bbboxed\u00bb][vc_column width=\u00bb1\/3&#8243;][vc_column_text]<\/p>\n<p style=\"text-align: left;\"><strong>OMD Congreso 2017<\/strong><\/p>\n<p>[\/vc_column_text][vc_empty_space][vc_single_image image=\u00bb12212&#8243; img_size=\u00bb370&#215;259&#8243; alignment=\u00bbcenter\u00bb style=\u00bbvc_box_outline\u00bb onclick=\u00bblink_image\u00bb][vc_empty_space][vc_column_text]El Batadec estar\u00e1 presente en el 26\u00ba congreso de la OMD, que tendr\u00e1 lugar en Lisboa del 16 al 18 de noviembre de 2017. En 2017, el XXVI Congreso de los ODM ser\u00e1 en Lisboa, capital de Portugal.[\/vc_column_text][vc_empty_space][\/vc_column][vc_column width=\u00bb1\/3&#8243;][vc_column_text]<\/p>\n<p style=\"text-align: left;\"><strong>Dental-Expo 2017<\/strong><\/p>\n<p>[\/vc_column_text][vc_empty_space][vc_single_image image=\u00bb12210&#8243; img_size=\u00bb370&#215;259&#8243; alignment=\u00bbcenter\u00bb style=\u00bbvc_box_outline\u00bb onclick=\u00bblink_image\u00bb][vc_empty_space][vc_column_text]El Batadec estar\u00e1 presente en Expo-Dental 2017 para contener entre 16 y 18 de noviembre en Lisboa. El Congreso de la Asociaci\u00f3n Dental organiza de forma simult\u00e1nea la Expo Dental Portugal.[\/vc_column_text][vc_empty_space][\/vc_column][vc_column width=\u00bb1\/3&#8243;][vc_column_text]<\/p>\n<p style=\"text-align: left;\"><strong>IDS 2017<\/strong><\/p>\n<p>[\/vc_column_text][vc_empty_space][vc_single_image image=\u00bb12644&#8243; img_size=\u00bb370&#215;259&#8243; alignment=\u00bbcenter\u00bb style=\u00bbvc_box_outline\u00bb onclick=\u00bblink_image\u00bb][vc_empty_space][vc_column_text]Fue durante la Feria Internacional de Colonia (IDS 2017) que el Belmont y Batadec completaron los detalles de la representaci\u00f3n exclusiva de la marca BELMONT mercado portugu\u00e9s.[\/vc_column_text][vc_empty_space][\/vc_column][\/vc_row][vc_row][vc_column][vc_raw_html]JTNDZGl2JTIwY2xhc3MlM0QlMjJnZXQtdG91Y2glMjBzdHlsZTIlMjIlM0UlMEElMDklM0NkaXYlMjBjbGFzcyUzRCUyMmNvbnRhaW5lciUyMGNsZWFyZml4JTIyJTNFJTBBJTA5JTA5JTNDcCUyMHN0eWxlJTNEJTIyY29sb3IlM0F3aGl0ZSUyMiUzRU5lY2VzaXRhJTIwYXl1ZGElM0YlMjBUaWVuZSUyMGFsZ3VuYSUyMHByZWd1bnRhJTIwc29icmUlMjB1biUyMHByb2R1Y3RvJTIwbyUyMHNlcnZpY2lvJTNGJTIwTm8lMjBwaWVyZGElMjBlbCUyMHRpZW1wbyUyMC4uLiUzQyUyRnAlM0UlMEElMDklMDklM0NhJTIwaHJlZiUzRCUyMmh0dHAlM0ElMkYlMkZiYXRhZGVjLmNvbSUyRmNvbnRhY3RvcyUyRiUyMiUyMGNsYXNzJTNEJTIyY29ydGFuYS1idXR0b24lMjBidXR0b24tdG91Y2glMjIlM0VDb250JUMzJUExY3Rlbm9zJTNDJTJGYSUzRSUwQSUwOSUzQyUyRmRpdiUzRSUwQSUzQyUyRmRpdiUzRQ==[\/vc_raw_html][\/vc_column][\/vc_row][vc_row layout=\u00bbboxed\u00bb css=\u00bb.vc_custom_1446721052020{border-top-width: 1px !important;padding-top: 55px !important;padding-bottom: 55px !important;border-top-color: #eeeeee !important;border-top-style: solid !important;border-radius: 1px !important;}\u00bb][vc_column]\t\t\t<div class=\"cortana-client opacity80 style2\n\t\t\t \" >\n\t\t\t\t\t\t\t\t\t\t\t\t\t<div class=\"owl-carousel\" data-plugin-options='{\"items\" : 5, \"autoPlay\": true,\"pagination\": false,\"navigation\": false}'>\n\t\t\t\t\t\t\t\t\t\t\t\t\t\t<div class=\"content-middle-inner\"><img width=\"170\" height=\"85\" src=\"http:\/\/batadec.com\/wp-content\/uploads\/2017\/03\/Astra-logo_bw.png\" class=\"attachment-full\" alt=\"\" loading=\"lazy\" \/><\/div>\n\t\t\t\t\t\t\t\t\t\t\t\t\t\t\t<div class=\"content-middle-inner\"><img width=\"170\" height=\"85\" src=\"http:\/\/batadec.com\/wp-content\/uploads\/2017\/03\/batadec-logo_bw.png\" class=\"attachment-full\" alt=\"\" loading=\"lazy\" \/><\/div>\n\t\t\t\t\t\t\t\t\t\t\t\t\t\t\t<div class=\"content-middle-inner\"><img width=\"170\" height=\"85\" src=\"http:\/\/batadec.com\/wp-content\/uploads\/2017\/03\/BELMONT_Logo.png\" class=\"attachment-full\" alt=\"\" loading=\"lazy\" \/><\/div>\n\t\t\t\t\t\t\t\t\t\t\t\t\t\t\t<div class=\"content-middle-inner\"><img width=\"170\" height=\"85\" src=\"http:\/\/batadec.com\/wp-content\/uploads\/2017\/03\/durr-dental-logo_bw.png\" class=\"attachment-full\" alt=\"\" loading=\"lazy\" \/><\/div>\n\t\t\t\t\t\t\t\t\t\t\t\t\t\t\t<div class=\"content-middle-inner\"><img width=\"170\" height=\"85\" src=\"http:\/\/batadec.com\/wp-content\/uploads\/2017\/03\/mestra-logo_bw.png\" class=\"attachment-full\" alt=\"\" loading=\"lazy\" \/><\/div>\n\t\t\t\t\t\t\t\t\t\t\t\t\t\t\t<div class=\"content-middle-inner\"><img width=\"170\" height=\"85\" src=\"http:\/\/batadec.com\/wp-content\/uploads\/2017\/03\/nsk-logo_bw.png\" class=\"attachment-full\" alt=\"\" loading=\"lazy\" \/><\/div>\n\t\t\t\t\t\t\t\t\t\t\t\t\t\t\t<div class=\"content-middle-inner\"><img width=\"170\" height=\"85\" src=\"http:\/\/batadec.com\/wp-content\/uploads\/2017\/03\/satelec-logo_bw.png\" class=\"attachment-full\" alt=\"\" loading=\"lazy\" \/><\/div>\n\t\t\t\t\t\t\t\t\t\t\t\t\t\t\t<div class=\"content-middle-inner\"><img width=\"170\" height=\"85\" src=\"http:\/\/batadec.com\/wp-content\/uploads\/2017\/03\/Vatech-logo_bw.png\" class=\"attachment-full\" alt=\"\" loading=\"lazy\" \/><\/div>\n\t\t\t\t\t\t\t\t\t\t\t\t\t\t\t<div class=\"content-middle-inner\"><img width=\"170\" height=\"84\" src=\"http:\/\/batadec.com\/wp-content\/uploads\/2017\/03\/zeiss-logo_bw.png\" class=\"attachment-full\" alt=\"\" loading=\"lazy\" \/><\/div>\n\t\t\t\t\t\t\t\t\t\t\t\t<\/div>\n\t\t\t\t\t\t\t<\/div>\n\t\t\t[\/vc_column][\/vc_row]<\/p>","protected":false},"excerpt":{"rendered":"<p>[vc_row][vc_column][rev_slider_vc alias=\u00bbslider-home-4&#8243;][\/vc_column][\/vc_row][vc_row layout=\u00bbboxed\u00bb el_class=\u00bbmargin-bottom-45&#8243; css=\u00bb.vc_custom_1446718428528{padding-top: 60px !important;padding-bottom: 10px !important;}\u00bb][vc_column width=\u00bb1\/2&#8243;][vc_column_text el_class=\u00bbmargin-bottom-25&#8243;]El Batadec Comercio Instrumento de dentista, Lda., Se presenta en el mercado desde el a\u00f1o 2001 como una empresa innovadora dedicada al campo de la odontolog\u00eda. Hemos estado proporcionando profesionales m\u00e9dicos, equipos de calidad y servicios para satisfacer sus necesidades.[\/vc_column_text][\/vc_column][vc_column width=\u00bb1\/2&#8243;][\/vc_column][\/vc_row][vc_row layout=\u00bbboxed\u00bb][vc_column][\/vc_column][\/vc_row][vc_row layout=\u00bbboxed\u00bb css=\u00bb.vc_custom_1489402115154{margin-bottom: 55px&#8230; <a class=\"read-more\" href=\"http:\/\/batadec.com\/es\/\"> READ MORE<\/a><\/p>\n","protected":false},"author":1,"featured_media":0,"parent":0,"menu_order":0,"comment_status":"closed","ping_status":"closed","template":"","meta":[],"_links":{"self":[{"href":"http:\/\/batadec.com\/es\/wp-json\/wp\/v2\/pages\/11998"}],"collection":[{"href":"http:\/\/batadec.com\/es\/wp-json\/wp\/v2\/pages"}],"about":[{"href":"http:\/\/batadec.com\/es\/wp-json\/wp\/v2\/types\/page"}],"author":[{"embeddable":true,"href":"http:\/\/batadec.com\/es\/wp-json\/wp\/v2\/users\/1"}],"replies":[{"embeddable":true,"href":"http:\/\/batadec.com\/es\/wp-json\/wp\/v2\/comments?post=11998"}],"version-history":[{"count":27,"href":"http:\/\/batadec.com\/es\/wp-json\/wp\/v2\/pages\/11998\/revisions"}],"predecessor-version":[{"id":12908,"href":"http:\/\/batadec.com\/es\/wp-json\/wp\/v2\/pages\/11998\/revisions\/12908"}],"wp:attachment":[{"href":"http:\/\/batadec.com\/es\/wp-json\/wp\/v2\/media?parent=11998"}],"curies":[{"name":"wp","href":"https:\/\/api.w.org\/{rel}","templated":true}]}}