{"id":12143,"date":"2017-03-08T09:38:08","date_gmt":"2017-03-08T09:38:08","guid":{"rendered":"http:\/\/batadec.com\/?page_id=12143"},"modified":"2018-06-04T11:00:30","modified_gmt":"2018-06-04T11:00:30","slug":"campanhas","status":"publish","type":"page","link":"http:\/\/batadec.com\/es\/campanhas\/","title":{"rendered":"Campa\u00f1as"},"content":{"rendered":"<p>[vc_row el_class=\u00bbmargin-bottom-60&#8243; css=\u00bb.vc_custom_1446506790929{border-bottom-width: 1px !important;padding-bottom: 45px !important;border-bottom-color: #eeeeee !important;border-bottom-style: solid !important;}\u00bb][vc_column]\t\t\t<div class=\"cortana-heading border-bottom left style1 \" >\n\t\t\t\t\t\t\t\t\t<h2 style=\"font-size:14px\">Campa\u00f1a en Productos y Equipos<\/h2>\n\t\t\t\t\t\t\t<\/div>\n\t\t\t[vc_column_text el_class=\u00bbmargin-bottom-40&#8243;]El Batadec proporciona a los profesionales m\u00e9dicos, productos y equipos de alta calidad de las marcas m\u00e1s reconocidas en el campo de la odontolog\u00eda.[\/vc_column_text][\/vc_column][\/vc_row][vc_row][vc_column width=\u00bb1\/4&#8243;][vc_single_image image=\u00bb12178&#8243; img_size=\u00bb170X85&#8243; alignment=\u00bbcenter\u00bb style=\u00bbvc_box_rounded\u00bb][\/vc_column][vc_column width=\u00bb1\/4&#8243;][vc_single_image image=\u00bb12179&#8243; img_size=\u00bb170X85&#8243; alignment=\u00bbcenter\u00bb style=\u00bbvc_box_rounded\u00bb][\/vc_column][vc_column width=\u00bb1\/4&#8243;][vc_single_image image=\u00bb12587&#8243; img_size=\u00bb170X85&#8243; alignment=\u00bbcenter\u00bb style=\u00bbvc_box_rounded\u00bb css=\u00bb.vc_custom_1526996613367{background-image: url(http:\/\/batadec.com\/wp-content\/uploads\/2017\/03\/BELMONT_Logo.png?id=12587) !important;background-position: center !important;background-repeat: no-repeat !important;background-size: cover !important;}\u00bb][\/vc_column][vc_column width=\u00bb1\/4&#8243;][vc_single_image image=\u00bb12085&#8243; img_size=\u00bb170X85&#8243; alignment=\u00bbcenter\u00bb style=\u00bbvc_box_rounded\u00bb onclick=\u00bbcustom_link\u00bb img_link_target=\u00bb_blank\u00bb link=\u00bbhttp:\/\/batadec.com\/wp-content\/uploads\/2017\/03\/PROMO\u00c7\u00d5ES-DURR-DENTAL-2017.pdf\u00bb][\/vc_column][\/vc_row][vc_row][vc_column][vc_empty_space height=\u00bb64px\u00bb][\/vc_column][\/vc_row][vc_row][vc_column width=\u00bb1\/4&#8243;][vc_single_image image=\u00bb12434&#8243; img_size=\u00bb170X85&#8243; alignment=\u00bbcenter\u00bb style=\u00bbvc_box_rounded\u00bb][\/vc_column][vc_column width=\u00bb1\/4&#8243;][vc_single_image image=\u00bb12086&#8243; img_size=\u00bb170X85&#8243; alignment=\u00bbcenter\u00bb style=\u00bbvc_box_rounded\u00bb onclick=\u00bbcustom_link\u00bb img_link_target=\u00bb_blank\u00bb link=\u00bbhttp:\/\/batadec.com\/wp-content\/uploads\/2017\/03\/PROMO\u00c7\u00d5ES-NSK-2017.pdf\u00bb][\/vc_column][vc_column width=\u00bb1\/4&#8243;][vc_single_image image=\u00bb12182&#8243; img_size=\u00bb170X85&#8243; alignment=\u00bbcenter\u00bb style=\u00bbvc_box_rounded\u00bb][\/vc_column][vc_column width=\u00bb1\/4&#8243;][vc_single_image image=\u00bb12183&#8243; img_size=\u00bb170X85&#8243; alignment=\u00bbcenter\u00bb style=\u00bbvc_box_rounded\u00bb][\/vc_column][\/vc_row][vc_row][vc_column][vc_empty_space height=\u00bb64px\u00bb][\/vc_column][\/vc_row][vc_row][vc_column width=\u00bb1\/4&#8243;][vc_single_image image=\u00bb12184&#8243; img_size=\u00bb170X85&#8243; alignment=\u00bbcenter\u00bb style=\u00bbvc_box_rounded\u00bb][\/vc_column][vc_column width=\u00bb1\/4&#8243;][\/vc_column][vc_column width=\u00bb1\/4&#8243;][\/vc_column][vc_column width=\u00bb1\/4&#8243;][\/vc_column][\/vc_row][vc_row][vc_column][vc_empty_space height=\u00bb64px\u00bb][\/vc_column][\/vc_row]<\/p>","protected":false},"excerpt":{"rendered":"<p>[vc_row el_class=\u00bbmargin-bottom-60&#8243; css=\u00bb.vc_custom_1446506790929{border-bottom-width: 1px !important;padding-bottom: 45px !important;border-bottom-color: #eeeeee !important;border-bottom-style: solid !important;}\u00bb][vc_column][vc_column_text el_class=\u00bbmargin-bottom-40&#8243;]El Batadec proporciona a los profesionales m\u00e9dicos, productos y equipos de alta calidad de las marcas m\u00e1s reconocidas en el campo de la odontolog\u00eda.[\/vc_column_text][\/vc_column][\/vc_row][vc_row][vc_column width=\u00bb1\/4&#8243;][vc_single_image image=\u00bb12178&#8243; img_size=\u00bb170X85&#8243; alignment=\u00bbcenter\u00bb style=\u00bbvc_box_rounded\u00bb][\/vc_column][vc_column width=\u00bb1\/4&#8243;][vc_single_image image=\u00bb12179&#8243; img_size=\u00bb170X85&#8243; alignment=\u00bbcenter\u00bb style=\u00bbvc_box_rounded\u00bb][\/vc_column][vc_column width=\u00bb1\/4&#8243;][vc_single_image image=\u00bb12587&#8243; img_size=\u00bb170X85&#8243; alignment=\u00bbcenter\u00bb style=\u00bbvc_box_rounded\u00bb css=\u00bb.vc_custom_1526996613367{background-image: url(http:\/\/batadec.com\/wp-content\/uploads\/2017\/03\/BELMONT_Logo.png?id=12587) !important;background-position: center !important;background-repeat:&#8230; <a class=\"read-more\" href=\"http:\/\/batadec.com\/es\/campanhas\/\"> READ MORE<\/a><\/p>\n","protected":false},"author":1,"featured_media":0,"parent":0,"menu_order":0,"comment_status":"closed","ping_status":"closed","template":"","meta":[],"_links":{"self":[{"href":"http:\/\/batadec.com\/es\/wp-json\/wp\/v2\/pages\/12143"}],"collection":[{"href":"http:\/\/batadec.com\/es\/wp-json\/wp\/v2\/pages"}],"about":[{"href":"http:\/\/batadec.com\/es\/wp-json\/wp\/v2\/types\/page"}],"author":[{"embeddable":true,"href":"http:\/\/batadec.com\/es\/wp-json\/wp\/v2\/users\/1"}],"replies":[{"embeddable":true,"href":"http:\/\/batadec.com\/es\/wp-json\/wp\/v2\/comments?post=12143"}],"version-history":[{"count":20,"href":"http:\/\/batadec.com\/es\/wp-json\/wp\/v2\/pages\/12143\/revisions"}],"predecessor-version":[{"id":12912,"href":"http:\/\/batadec.com\/es\/wp-json\/wp\/v2\/pages\/12143\/revisions\/12912"}],"wp:attachment":[{"href":"http:\/\/batadec.com\/es\/wp-json\/wp\/v2\/media?parent=12143"}],"curies":[{"name":"wp","href":"https:\/\/api.w.org\/{rel}","templated":true}]}}