{"id":12140,"date":"2017-03-08T09:31:17","date_gmt":"2017-03-08T09:31:17","guid":{"rendered":"http:\/\/batadec.com\/?page_id=12140"},"modified":"2017-03-23T12:02:58","modified_gmt":"2017-03-23T12:02:58","slug":"apoio-tecnico","status":"publish","type":"page","link":"https:\/\/batadec.com\/es\/apoio-tecnico\/","title":{"rendered":"Soporte T\u00e9cnico"},"content":{"rendered":"<p>[vc_row layout=\u00bbboxed\u00bb el_class=\u00bbmargin-bottom-45&#8243; css=\u00bb.vc_custom_1446718428528{padding-top: 60px !important;padding-bottom: 10px !important;}\u00bb][vc_column]\t\t\t<div class=\"cortana-heading border-bottom left style1 \" >\n\t\t\t\t\t\t\t\t\t<h2 style=\"font-size:14px\">SOPORTE T\u00c9CNICO<\/h2>\n\t\t\t\t\t\t\t<\/div>\n\t\t\t[vc_column_text el_class=\u00bbmargin-bottom-25&#8243;]El Batadec nace desde el aspecto t\u00e9cnico, por lo presta especial atenci\u00f3n a la asistencia t\u00e9cnica y mantenimiento preventivo. Por lo que ofrece a sus clientes un servicio de asistencia a distancia personalizado. Para tener asistencia personalizada a distancia Batadec, haga clic en la imagen para realizar el acceso remoto a su ordenador.<\/p>\n<p>Nota: Antes de utilizar este servicio debe ponerse en contacto con el Soporte de TI Batadec, Lda.[\/vc_column_text][\/vc_column][\/vc_row][vc_row el_class=\u00bbmargin-bottom-50&#8243; css=\u00bb.vc_custom_1446718526792{border-top-width: 1px !important;border-bottom-width: 1px !important;padding-top: 33px !important;padding-bottom: 33px !important;background-color: #f9f9f9 !important;border-top-color: #eeeeee !important;border-top-style: solid !important;border-bottom-color: #eeeeee !important;border-bottom-style: solid !important;border-radius: 1px !important;}\u00bb][vc_column][vc_row_inner layout=\u00bbboxed\u00bb][vc_column_inner]\t\t\t<div class=\"cortana-heading border-bottom left style1 \" >\n\t\t\t\t\t\t\t\t\t<h2 style=\"font-size:14px\">Asistencia Remota<\/h2>\n\t\t\t\t\t\t\t<\/div>\n\t\t\t[\/vc_column_inner][\/vc_row_inner][vc_row_inner layout=\u00bbboxed\u00bb][vc_column_inner width=\u00bb1\/3&#8243;][vc_single_image image=\u00bb12054&#8243; img_size=\u00bblarge\u00bb onclick=\u00bbcustom_link\u00bb img_link_target=\u00bb_blank\u00bb link=\u00bbhttp:\/\/batadec.com\/wp-content\/uploads\/2017\/03\/Batadec1.exe\u00bb][vc_empty_space][\/vc_column_inner][vc_column_inner width=\u00bb1\/3&#8243;][vc_single_image image=\u00bb12055&#8243; img_size=\u00bblarge\u00bb onclick=\u00bbcustom_link\u00bb img_link_target=\u00bb_blank\u00bb link=\u00bbhttp:\/\/batadec.com\/wp-content\/uploads\/2017\/03\/Batadec2.exe\u00bb][vc_empty_space][\/vc_column_inner][vc_column_inner width=\u00bb1\/3&#8243;][vc_single_image image=\u00bb12056&#8243; img_size=\u00bblarge\u00bb onclick=\u00bbcustom_link\u00bb img_link_target=\u00bb_blank\u00bb link=\u00bbhttp:\/\/batadec.com\/wp-content\/uploads\/2017\/03\/Batadec3.exe\u00bb][vc_empty_space][\/vc_column_inner][\/vc_row_inner][\/vc_column][\/vc_row]<\/p>","protected":false},"excerpt":{"rendered":"<p>[vc_row layout=\u00bbboxed\u00bb el_class=\u00bbmargin-bottom-45&#8243; css=\u00bb.vc_custom_1446718428528{padding-top: 60px !important;padding-bottom: 10px !important;}\u00bb][vc_column][vc_column_text el_class=\u00bbmargin-bottom-25&#8243;]El Batadec nace desde el aspecto t\u00e9cnico, por lo presta especial atenci\u00f3n a la asistencia t\u00e9cnica y mantenimiento preventivo. Por lo que ofrece a sus clientes un servicio de asistencia a distancia personalizado. Para tener asistencia personalizada a distancia Batadec, haga clic en la imagen para realizar&#8230; <a class=\"read-more\" href=\"https:\/\/batadec.com\/es\/apoio-tecnico\/\"> READ MORE<\/a><\/p>\n","protected":false},"author":1,"featured_media":0,"parent":0,"menu_order":0,"comment_status":"closed","ping_status":"closed","template":"","meta":[],"_links":{"self":[{"href":"https:\/\/batadec.com\/es\/wp-json\/wp\/v2\/pages\/12140"}],"collection":[{"href":"https:\/\/batadec.com\/es\/wp-json\/wp\/v2\/pages"}],"about":[{"href":"https:\/\/batadec.com\/es\/wp-json\/wp\/v2\/types\/page"}],"author":[{"embeddable":true,"href":"https:\/\/batadec.com\/es\/wp-json\/wp\/v2\/users\/1"}],"replies":[{"embeddable":true,"href":"https:\/\/batadec.com\/es\/wp-json\/wp\/v2\/comments?post=12140"}],"version-history":[{"count":2,"href":"https:\/\/batadec.com\/es\/wp-json\/wp\/v2\/pages\/12140\/revisions"}],"predecessor-version":[{"id":12518,"href":"https:\/\/batadec.com\/es\/wp-json\/wp\/v2\/pages\/12140\/revisions\/12518"}],"wp:attachment":[{"href":"https:\/\/batadec.com\/es\/wp-json\/wp\/v2\/media?parent=12140"}],"curies":[{"name":"wp","href":"https:\/\/api.w.org\/{rel}","templated":true}]}}