{"id":12146,"date":"2017-03-08T09:43:19","date_gmt":"2017-03-08T09:43:19","guid":{"rendered":"http:\/\/batadec.com\/?page_id=12146"},"modified":"2017-10-16T13:30:29","modified_gmt":"2017-10-16T13:30:29","slug":"eventos","status":"publish","type":"page","link":"https:\/\/batadec.com\/es\/eventos\/","title":{"rendered":"Eventos"},"content":{"rendered":"<p>[vc_row el_class=\u00bbmargin-bottom-50&#8243; css=\u00bb.vc_custom_1446511188959{border-bottom-width: 1px !important;padding-bottom: 65px !important;border-bottom-color: #eeeeee !important;border-bottom-style: solid !important;}\u00bb][vc_column]\t\t\t<div class=\"cortana-heading border-bottom left style1 \" >\n\t\t\t\t\t\t\t\t\t<h2 style=\"font-size:14px\">Eventos con la participaci\u00f3n de Batadec<\/h2>\n\t\t\t\t\t\t\t<\/div>\n\t\t\t[\/vc_column][\/vc_row][vc_row][vc_column width=\u00bb1\/3&#8243;][vc_column_text]<\/p>\n<p style=\"text-align: left;\"><strong>OMD Congreso 2017<\/strong><\/p>\n<p>[\/vc_column_text][vc_empty_space][vc_single_image image=\u00bb12212&#8243; img_size=\u00bb370&#215;259&#8243; alignment=\u00bbcenter\u00bb style=\u00bbvc_box_outline\u00bb onclick=\u00bblink_image\u00bb][vc_empty_space][vc_column_text]El Batadec estar\u00e1 presente en el 26\u00ba congreso de la OMD, que tendr\u00e1 lugar en Lisboa del 16 al 18 de noviembre de 2017. En 2017, el XXVI Congreso de los ODM ser\u00e1 en Lisboa, capital de Portugal.[\/vc_column_text][vc_empty_space][\/vc_column][vc_column width=\u00bb1\/3&#8243;][vc_column_text]<\/p>\n<p style=\"text-align: left;\"><strong>Dental-Expo 2017<\/strong><\/p>\n<p>[\/vc_column_text][vc_empty_space][vc_single_image image=\u00bb12210&#8243; img_size=\u00bb370&#215;259&#8243; alignment=\u00bbcenter\u00bb style=\u00bbvc_box_outline\u00bb onclick=\u00bblink_image\u00bb][vc_empty_space][vc_column_text]El Batadec estar\u00e1 presente en Expo-Dental 2017 para contener entre 16 y 18 de noviembre en Lisboa. El Congreso de la Asociaci\u00f3n Dental organiza de forma simult\u00e1nea la Expo Dental Portugal.[\/vc_column_text][vc_empty_space][\/vc_column][vc_column width=\u00bb1\/3&#8243;][vc_column_text]<\/p>\n<p style=\"text-align: left;\"><strong>IDS 2017<\/strong><\/p>\n<p>[\/vc_column_text][vc_empty_space][vc_single_image image=\u00bb12644&#8243; img_size=\u00bb370&#215;259&#8243; alignment=\u00bbcenter\u00bb style=\u00bbvc_box_outline\u00bb onclick=\u00bblink_image\u00bb][vc_empty_space][vc_column_text]Fue durante la Feria Internacional de Colonia (IDS 2017) que el Belmont y Batadec completaron los detalles de la representaci\u00f3n exclusiva de la marca BELMONT mercado portugu\u00e9s.[\/vc_column_text][vc_empty_space][\/vc_column][\/vc_row][vc_row][vc_column width=\u00bb1\/3&#8243;][vc_column_text]<\/p>\n<p style=\"text-align: left;\"><strong>OMD Congreso 2016<\/strong><\/p>\n<p>[\/vc_column_text][vc_empty_space][vc_single_image image=\u00bb12208&#8243; img_size=\u00bb370&#215;259&#8243; alignment=\u00bbcenter\u00bb style=\u00bbvc_box_outline\u00bb onclick=\u00bblink_image\u00bb][vc_empty_space][vc_column_text]El Batadec asisti\u00f3 a la OMD que tuvo lugar en Exponor en Matosinhos 10-12 de noviembre de 2016. En 1992, la primera edici\u00f3n de 2015 acumul\u00f3 muchos \u00e9xitos.[\/vc_column_text][vc_empty_space][\/vc_column][vc_column width=\u00bb1\/3&#8243;][vc_column_text]<\/p>\n<p style=\"text-align: left;\"><strong>Dental-Expo 2016<\/strong><\/p>\n<p>[\/vc_column_text][vc_empty_space][vc_single_image image=\u00bb12206&#8243; img_size=\u00bb370&#215;259&#8243; alignment=\u00bbcenter\u00bb style=\u00bbvc_box_outline\u00bb onclick=\u00bblink_image\u00bb][vc_empty_space][vc_column_text]El Batadec este don en la Expo-Dental-Expo 2016. Dental de la Asociaci\u00f3n Dental del Congreso es la mayor feria de odontolog\u00eda celebrada en Portugal, con un \u00e9xito consolidado.[\/vc_column_text][vc_empty_space][\/vc_column][vc_column width=\u00bb1\/3&#8243;][vc_column_text]<\/p>\n<p style=\"text-align: left;\"><strong>OMD Congreso 2015<\/strong><\/p>\n<p>[\/vc_column_text][vc_empty_space][vc_single_image image=\u00bb12204&#8243; img_size=\u00bb370&#215;259&#8243; alignment=\u00bbcenter\u00bb style=\u00bbvc_box_outline\u00bb onclick=\u00bblink_image\u00bb][vc_empty_space][vc_column_text]El Batadec asisti\u00f3 a la OMD que tuvo lugar en la arena para m\u00ed en Lisboa 12-14 noviembre de 2015. La innovaci\u00f3n y la audacia siempre han sido un sello distintivo de los congresos de OMD.[\/vc_column_text][vc_empty_space][\/vc_column][\/vc_row][vc_row][vc_column width=\u00bb1\/3&#8243;][vc_column_text]<\/p>\n<p style=\"text-align: left;\"><strong>Dental-Expo 2015<\/strong><\/p>\n<p>[\/vc_column_text][vc_empty_space][vc_single_image image=\u00bb12202&#8243; img_size=\u00bb370&#215;259&#8243; alignment=\u00bbcenter\u00bb style=\u00bbvc_box_outline\u00bb onclick=\u00bblink_image\u00bb][vc_empty_space][vc_column_text]El Batadec estaba presente del 12 al 14 de noviembre en el Expo-Dental 2015 como patrocinador Gold. La Expo Dental es la mayor feria de odontolog\u00eda celebrada en Portugal.[\/vc_column_text][vc_empty_space][\/vc_column][vc_column width=\u00bb1\/3&#8243;][vc_column_text]<\/p>\n<p style=\"text-align: left;\"><strong>OMD Congreso 2014<\/strong><\/p>\n<p>[\/vc_column_text][vc_empty_space][vc_single_image image=\u00bb12200&#8243; img_size=\u00bb370&#215;259&#8243; alignment=\u00bbcenter\u00bb style=\u00bbvc_box_outline\u00bb onclick=\u00bblink_image\u00bb][vc_empty_space][vc_column_text]El Batadec asisti\u00f3 a la OMD que tuvo lugar en Exponor en Matosinhos 6-8, 2014. Asisti\u00f3 48 altavoces repartidos en 30 portugu\u00e9s y 18 invitados internacionales.[\/vc_column_text][vc_empty_space][\/vc_column][vc_column width=\u00bb1\/3&#8243;][vc_column_text]<\/p>\n<p style=\"text-align: left;\"><strong>Dental-Expo 2014<\/strong><\/p>\n<p>[\/vc_column_text][vc_empty_space][vc_single_image image=\u00bb12198&#8243; img_size=\u00bb370&#215;259&#8243; alignment=\u00bbcenter\u00bb style=\u00bbvc_box_outline\u00bb onclick=\u00bblink_image\u00bb][vc_empty_space][vc_column_text]El Batadec este don en la Expo-Dental 2014 como Patrocinador Plata. La Expo Dental de la Asociaci\u00f3n Dental del Congreso es la mayor feria de odontolog\u00eda celebrada en Portugal.[\/vc_column_text][vc_empty_space][\/vc_column][\/vc_row][vc_row][vc_column width=\u00bb1\/3&#8243;][vc_column_text]<\/p>\n<p style=\"text-align: left;\"><strong>OMD Congreso 2013<\/strong><\/p>\n<p>[\/vc_column_text][vc_empty_space][vc_single_image image=\u00bb12196&#8243; img_size=\u00bb370&#215;259&#8243; alignment=\u00bbcenter\u00bb style=\u00bbvc_box_outline\u00bb onclick=\u00bblink_image\u00bb][vc_empty_space][vc_column_text]El Batadec asisti\u00f3 al congreso de la OMD 2013, celebrada entre el 21 y 23 de noviembre, m\u00e1s de 3.000 profesionales y sesiones con 67 altavoces (50 portuguesa y 17 internacionales).[\/vc_column_text][vc_empty_space][\/vc_column][vc_column width=\u00bb1\/3&#8243;][vc_column_text]<\/p>\n<p style=\"text-align: left;\"><strong>Dental-Expo 2013<\/strong><\/p>\n<p>[\/vc_column_text][vc_empty_space][vc_single_image image=\u00bb12194&#8243; img_size=\u00bb370&#215;259&#8243; alignment=\u00bbcenter\u00bb style=\u00bbvc_box_outline\u00bb onclick=\u00bblink_image\u00bb][vc_empty_space][vc_column_text]El Batadec Ltd asisti\u00f3 a la XXII edici\u00f3n de la Asociaci\u00f3n Dental del Congreso como patrocinador de plata, que se celebr\u00f3 en Lisboa durante los d\u00edas 21, 22 y 23 de noviembre de 2013.[\/vc_column_text][vc_empty_space][\/vc_column][vc_column width=\u00bb1\/3&#8243;][\/vc_column][\/vc_row]<\/p>","protected":false},"excerpt":{"rendered":"<p>[vc_row el_class=\u00bbmargin-bottom-50&#8243; css=\u00bb.vc_custom_1446511188959{border-bottom-width: 1px !important;padding-bottom: 65px !important;border-bottom-color: #eeeeee !important;border-bottom-style: solid !important;}\u00bb][vc_column][\/vc_column][\/vc_row][vc_row][vc_column width=\u00bb1\/3&#8243;][vc_column_text] OMD Congreso 2017 [\/vc_column_text][vc_empty_space][vc_single_image image=\u00bb12212&#8243; img_size=\u00bb370&#215;259&#8243; alignment=\u00bbcenter\u00bb style=\u00bbvc_box_outline\u00bb onclick=\u00bblink_image\u00bb][vc_empty_space][vc_column_text]El Batadec estar\u00e1 presente en el 26\u00ba congreso de la OMD, que tendr\u00e1 lugar en Lisboa del 16 al 18 de noviembre de 2017. En 2017, el XXVI Congreso de los ODM ser\u00e1 en Lisboa,&#8230; <a class=\"read-more\" href=\"https:\/\/batadec.com\/es\/eventos\/\"> READ MORE<\/a><\/p>\n","protected":false},"author":1,"featured_media":0,"parent":0,"menu_order":0,"comment_status":"closed","ping_status":"closed","template":"","meta":[],"_links":{"self":[{"href":"https:\/\/batadec.com\/es\/wp-json\/wp\/v2\/pages\/12146"}],"collection":[{"href":"https:\/\/batadec.com\/es\/wp-json\/wp\/v2\/pages"}],"about":[{"href":"https:\/\/batadec.com\/es\/wp-json\/wp\/v2\/types\/page"}],"author":[{"embeddable":true,"href":"https:\/\/batadec.com\/es\/wp-json\/wp\/v2\/users\/1"}],"replies":[{"embeddable":true,"href":"https:\/\/batadec.com\/es\/wp-json\/wp\/v2\/comments?post=12146"}],"version-history":[{"count":27,"href":"https:\/\/batadec.com\/es\/wp-json\/wp\/v2\/pages\/12146\/revisions"}],"predecessor-version":[{"id":12892,"href":"https:\/\/batadec.com\/es\/wp-json\/wp\/v2\/pages\/12146\/revisions\/12892"}],"wp:attachment":[{"href":"https:\/\/batadec.com\/es\/wp-json\/wp\/v2\/media?parent=12146"}],"curies":[{"name":"wp","href":"https:\/\/api.w.org\/{rel}","templated":true}]}}