{"id":12149,"date":"2017-03-08T09:49:42","date_gmt":"2017-03-08T09:49:42","guid":{"rendered":"http:\/\/batadec.com\/?page_id=12149"},"modified":"2017-03-23T12:17:36","modified_gmt":"2017-03-23T12:17:36","slug":"orcamentos","status":"publish","type":"page","link":"https:\/\/batadec.com\/es\/orcamentos\/","title":{"rendered":"Presupuestos"},"content":{"rendered":"<p>[vc_row el_class=\u00bbmargin-bottom-50&#8243; css=\u00bb.vc_custom_1446511188959{border-bottom-width: 1px !important;padding-bottom: 65px !important;border-bottom-color: #eeeeee !important;border-bottom-style: solid !important;}\u00bb][vc_column]\t\t\t<div class=\"cortana-heading border-bottom left style1 \" >\n\t\t\t\t\t\t\t\t\t<h2 style=\"font-size:14px\">Solicitud de Presupuesto<\/h2>\n\t\t\t\t\t\t\t<\/div>\n\t\t\t[vc_column_text]Para simplificar el proceso de solicitud de presupuestos, Batadec, proporciona el siguiente formulario con la elecci\u00f3n espec\u00edfica de opciones para su solicitud de presupuesto tiene un r\u00e1pido, eficiente y que responda a sus necesidades:[\/vc_column_text][vc_empty_space][vc_separator][vc_empty_space height=\u00bb48px\u00bb]<div role=\"form\" class=\"wpcf7\" id=\"wpcf7-f12521-o2\" lang=\"pt-PT\" dir=\"ltr\">\n<div class=\"screen-reader-response\"><\/div>\n<form action=\"\/es\/wp-json\/wp\/v2\/pages\/12149#wpcf7-f12521-o2\" method=\"post\" class=\"wpcf7-form\" novalidate=\"novalidate\">\n<div style=\"display: none;\">\n<input type=\"hidden\" name=\"_wpcf7\" value=\"12521\" \/>\n<input type=\"hidden\" name=\"_wpcf7_version\" value=\"4.5.1\" \/>\n<input type=\"hidden\" name=\"_wpcf7_locale\" value=\"pt_PT\" \/>\n<input type=\"hidden\" name=\"_wpcf7_unit_tag\" value=\"wpcf7-f12521-o2\" \/>\n<input type=\"hidden\" name=\"_wpnonce\" value=\"6741b96eca\" \/>\n<\/div>\n<div class=\"cortana-contact-form row\">\n<div class=\"col-md-6\">\n\t\t<span class=\"wpcf7-form-control-wrap your-name\"><input type=\"text\" name=\"your-name\" value=\"\" size=\"40\" class=\"wpcf7-form-control wpcf7-text wpcf7-validates-as-required\" aria-required=\"true\" aria-invalid=\"false\" placeholder=\"Nombre *\" \/><\/span>\n\t<\/div>\n<div class=\"col-md-6\">\n\t\t<span class=\"wpcf7-form-control-wrap your-phone\"><input type=\"tel\" name=\"your-phone\" value=\"\" size=\"40\" class=\"wpcf7-form-control wpcf7-text wpcf7-tel wpcf7-validates-as-required wpcf7-validates-as-tel\" aria-required=\"true\" aria-invalid=\"false\" placeholder=\"Tel\u00e9fono *\" \/><\/span>\n\t<\/div>\n<div class=\"col-md-12\">\n\t\t<span class=\"wpcf7-form-control-wrap your-email\"><input type=\"email\" name=\"your-email\" value=\"\" size=\"40\" class=\"wpcf7-form-control wpcf7-text wpcf7-email wpcf7-validates-as-required wpcf7-validates-as-email\" aria-required=\"true\" aria-invalid=\"false\" placeholder=\"Correo Electr\u00f3nico *\" \/><\/span>\n\t<\/div>\n<div class=\"col-md-6\">\n<p>Productos y Equipos:<\/p>\n<p><span class=\"wpcf7-form-control-wrap escolha-produtos\"><select name=\"escolha-produtos\" class=\"wpcf7-form-control wpcf7-select wpcf7-validates-as-required\" aria-required=\"true\" aria-invalid=\"false\"><option value=\"\">---<\/option><option value=\"Unidades Dentales\">Unidades Dentales<\/option><option value=\"Sistemas de Radiolog\u00eda\">Sistemas de Radiolog\u00eda<\/option><option value=\"Compresores y Vacuum\">Compresores y Vacuum<\/option><option value=\"Mobiliario Cl\u00ednico\">Mobiliario Cl\u00ednico<\/option><option value=\"Esterilizaci\u00f3n\">Esterilizaci\u00f3n<\/option><option value=\"Instrumentos\">Instrumentos<\/option><option value=\"Software\">Software<\/option><option value=\"Otro\">Otro<\/option><\/select><\/span>\n\t<\/p><\/div>\n<div class=\"col-md-12\">\n\t\t<span class=\"wpcf7-form-control-wrap your-message\"><textarea name=\"your-message\" cols=\"4\" rows=\"10\" class=\"wpcf7-form-control wpcf7-textarea\" aria-invalid=\"false\" placeholder=\"Observaciones\"><\/textarea><\/span>\n\t<\/div>\n<div class=\"col-md-12\">\n<div class=\"wpcf7-form-control-wrap\"><div data-sitekey=\"6Lf1IiIUAAAAAMRq07_Oh7-HWUvuW3czFW8YwLYv\" class=\"wpcf7-form-control g-recaptcha wpcf7-recaptcha\"><\/div>\n<noscript>\n\t<div style=\"width: 302px; height: 422px;\">\n\t\t<div style=\"width: 302px; height: 422px; position: relative;\">\n\t\t\t<div style=\"width: 302px; height: 422px; position: absolute;\">\n\t\t\t\t<iframe src=\"https:\/\/www.google.com\/recaptcha\/api\/fallback?k=6Lf1IiIUAAAAAMRq07_Oh7-HWUvuW3czFW8YwLYv\" frameborder=\"0\" scrolling=\"no\" style=\"width: 302px; height:422px; border-style: none;\">\n\t\t\t\t<\/iframe>\n\t\t\t<\/div>\n\t\t\t<div style=\"width: 300px; height: 60px; border-style: none; bottom: 12px; left: 25px; margin: 0px; padding: 0px; right: 25px; background: #f9f9f9; border: 1px solid #c1c1c1; border-radius: 3px;\">\n\t\t\t\t<textarea id=\"g-recaptcha-response\" name=\"g-recaptcha-response\" class=\"g-recaptcha-response\" style=\"width: 250px; height: 40px; border: 1px solid #c1c1c1; margin: 10px 25px; padding: 0px; resize: none;\">\n\t\t\t\t<\/textarea>\n\t\t\t<\/div>\n\t\t<\/div>\n\t<\/div>\n<\/noscript>\n<\/div><\/div>\n<div class=\"col-md-12\">\n\t\t<input type=\"submit\" value=\"Enviar\" class=\"wpcf7-form-control wpcf7-submit cortana-button size-md style3\" \/>\n\t<\/div>\n<\/div>\n<p style=\"display: none !important;\"><label>&#916;<textarea name=\"_wpcf7_ak_hp_textarea\" cols=\"45\" rows=\"8\" maxlength=\"100\"><\/textarea><\/label><input type=\"hidden\" id=\"ak_js_2\" name=\"_wpcf7_ak_js\" value=\"41\"\/><script>document.getElementById( \"ak_js_2\" ).setAttribute( \"value\", ( new Date() ).getTime() );<\/script><\/p><input type='hidden' class='wpcf7-pum' value='{\"closepopup\":false,\"closedelay\":0,\"openpopup\":false,\"openpopup_id\":0}' \/><div class=\"wpcf7-response-output wpcf7-display-none\"><\/div><\/form><\/div>[\/vc_column][\/vc_row]<\/p>","protected":false},"excerpt":{"rendered":"<p>[vc_row el_class=\u00bbmargin-bottom-50&#8243; css=\u00bb.vc_custom_1446511188959{border-bottom-width: 1px !important;padding-bottom: 65px !important;border-bottom-color: #eeeeee !important;border-bottom-style: solid !important;}\u00bb][vc_column][vc_column_text]Para simplificar el proceso de solicitud de presupuestos, Batadec, proporciona el siguiente formulario con la elecci\u00f3n espec\u00edfica de opciones para su solicitud de presupuesto tiene un r\u00e1pido, eficiente y que responda a sus necesidades:[\/vc_column_text][vc_empty_space][vc_separator][vc_empty_space height=\u00bb48px\u00bb][\/vc_column][\/vc_row]<\/p>\n","protected":false},"author":1,"featured_media":0,"parent":0,"menu_order":0,"comment_status":"closed","ping_status":"closed","template":"","meta":[],"_links":{"self":[{"href":"https:\/\/batadec.com\/es\/wp-json\/wp\/v2\/pages\/12149"}],"collection":[{"href":"https:\/\/batadec.com\/es\/wp-json\/wp\/v2\/pages"}],"about":[{"href":"https:\/\/batadec.com\/es\/wp-json\/wp\/v2\/types\/page"}],"author":[{"embeddable":true,"href":"https:\/\/batadec.com\/es\/wp-json\/wp\/v2\/users\/1"}],"replies":[{"embeddable":true,"href":"https:\/\/batadec.com\/es\/wp-json\/wp\/v2\/comments?post=12149"}],"version-history":[{"count":8,"href":"https:\/\/batadec.com\/es\/wp-json\/wp\/v2\/pages\/12149\/revisions"}],"predecessor-version":[{"id":12523,"href":"https:\/\/batadec.com\/es\/wp-json\/wp\/v2\/pages\/12149\/revisions\/12523"}],"wp:attachment":[{"href":"https:\/\/batadec.com\/es\/wp-json\/wp\/v2\/media?parent=12149"}],"curies":[{"name":"wp","href":"https:\/\/api.w.org\/{rel}","templated":true}]}}