{"id":12215,"date":"2017-03-09T13:52:59","date_gmt":"2017-03-09T13:52:59","guid":{"rendered":"http:\/\/batadec.com\/?page_id=12215"},"modified":"2017-03-23T12:36:58","modified_gmt":"2017-03-23T12:36:58","slug":"vatech","status":"publish","type":"page","link":"https:\/\/batadec.com\/es\/produtos\/vatech\/","title":{"rendered":"Vatech"},"content":{"rendered":"<p>[vc_row][vc_column]\t\t\t<div class=\"cortana-heading border-bottom left style1 \" >\n\t\t\t\t\t\t\t\t\t<h2 style=\"font-size:20px\">VATECH<\/h2>\n\t\t\t\t\t\t\t<\/div>\n\t\t\t[vc_column_text]El Batadec es la marca Vatech con una amplia gama de productos en el campo de la radiolog\u00eda e imagen para las cl\u00ednicas, con la esperanza de ser capaz de proporcionar soluciones con el fin de satisfacer las diversas necesidades de sus clientes.[\/vc_column_text][vc_empty_space][\/vc_column][\/vc_row][vc_row][vc_column][vc_tta_accordion][vc_tta_section title=\u00bbRadiolog\u00eda\u00bb tab_id=\u00bb1476712553815-fc8c2809-cffad389-eaf4&#8243;][vc_row_inner][vc_column_inner width=\u00bb1\/3&#8243;][vc_single_image image=\u00bb12303&#8243; img_size=\u00bb370&#215;259&#8243; alignment=\u00bbcenter\u00bb style=\u00bbvc_box_outline\u00bb onclick=\u00bblink_image\u00bb][vc_empty_space][vc_column_text]<\/p>\n<p style=\"text-align: left;\"><strong>PaX-i<\/strong><\/p>\n<p>[\/vc_column_text][vc_column_text]Panorama del sensor: verdadera panor\u00e1mica<br \/>\ncephalometric sensor<br \/>\nEscanear: Captura de escaneo de alta calidad<br \/>\nde exposici\u00f3n de 0,9 segundos: One-Shot[\/vc_column_text][vc_empty_space][vc_btn title=\u00bbMais info.\u00bb style=\u00bbclassic\u00bb color=\u00bbprimary\u00bb i_icon_fontawesome=\u00bbfa fa-file-pdf-o\u00bb add_icon=\u00bbtrue\u00bb link=\u00bburl:http%3A%2F%2Fbatadec.com%2Fwp-content%2Fuploads%2F2017%2F03%2FVATECH-Pax-i.pdf|title:Pax-i|target:%20_blank|\u00bb][\/vc_column_inner][vc_column_inner width=\u00bb1\/3&#8243;][vc_single_image image=\u00bb12307&#8243; img_size=\u00bb370&#215;259&#8243; style=\u00bbvc_box_outline\u00bb onclick=\u00bblink_image\u00bb][vc_empty_space][vc_column_text]<\/p>\n<p style=\"text-align: left;\"><strong>PaX-i 3D<\/strong><\/p>\n<p>[\/vc_column_text][vc_column_text]3D CBCT multisensor FOV<br \/>\nCon un solo disparo (12&#215;9; 8&#215;8; 8&#215;5; 5&#215;5)<br \/>\nPanorama del sensor: verdadera panor\u00e1mica<br \/>\ndetector cefalom\u00e9trico[\/vc_column_text][vc_empty_space][vc_btn title=\u00bbMais info.\u00bb style=\u00bbclassic\u00bb color=\u00bbprimary\u00bb i_icon_fontawesome=\u00bbfa fa-file-pdf-o\u00bb add_icon=\u00bbtrue\u00bb link=\u00bburl:http%3A%2F%2Fbatadec.com%2Fwp-content%2Fuploads%2F2017%2F03%2FVATECH-Pax-i-3D.pdf|title:Pax-i-3D|target:%20_blank|\u00bb][\/vc_column_inner][vc_column_inner width=\u00bb1\/3&#8243;][vc_single_image image=\u00bb12310&#8243; img_size=\u00bb370&#215;259&#8243; style=\u00bbvc_box_outline\u00bb onclick=\u00bblink_image\u00bb][vc_empty_space][vc_column_text]<\/p>\n<p style=\"text-align: left;\"><strong>PaX-i 3D Smart<\/strong><\/p>\n<p>[\/vc_column_text][vc_column_text]ANATOM\u00cdA sensor 3D CBCT<br \/>\nsensor de imagen con 12&#215;9; 10&#215;8<br \/>\nPanorama del sensor: verdadera panor\u00e1mica<br \/>\nAutopano generada por la captura de CBCT[\/vc_column_text][vc_empty_space][vc_btn title=\u00bbMais info.\u00bb style=\u00bbclassic\u00bb color=\u00bbprimary\u00bb i_icon_fontawesome=\u00bbfa fa-file-pdf-o\u00bb add_icon=\u00bbtrue\u00bb link=\u00bburl:http%3A%2F%2Fbatadec.com%2Fwp-content%2Fuploads%2F2017%2F03%2FVATECH-PaX-i-SMART.pdf|title:PaX-i%203D%20SMART|target:%20_blank|\u00bb][\/vc_column_inner][\/vc_row_inner][vc_row_inner][vc_column_inner width=\u00bb1\/3&#8243;][vc_single_image image=\u00bb12314&#8243; img_size=\u00bb370&#215;259&#8243; alignment=\u00bbcenter\u00bb style=\u00bbvc_box_outline\u00bb onclick=\u00bblink_image\u00bb][vc_empty_space][vc_column_text]<\/p>\n<p style=\"text-align: left;\"><strong>PaX-i 3D Green<\/strong><\/p>\n<p>[\/vc_column_text][vc_column_text]3D CBCT sensor de MULTIFOV<br \/>\nCon un solo disparo (15&#215;15; 12&#215;9; 8&#215;8; 8&#215;5; 5&#215;5)<br \/>\nPanorama del sensor: verdadera panor\u00e1mica<br \/>\ndetector cefalom\u00e9trico[\/vc_column_text][vc_empty_space][vc_btn title=\u00bbMais info.\u00bb style=\u00bbclassic\u00bb color=\u00bbprimary\u00bb i_icon_fontawesome=\u00bbfa fa-file-pdf-o\u00bb add_icon=\u00bbtrue\u00bb link=\u00bburl:http%3A%2F%2Fbatadec.com%2Fwp-content%2Fuploads%2F2017%2F03%2FVATECH-PaX-i3D-Green15x15.pdf|title:PaX-i%203D%20Green|target:%20_blank|\u00bb][\/vc_column_inner][vc_column_inner width=\u00bb1\/3&#8243;][vc_single_image image=\u00bb12319&#8243; img_size=\u00bb370&#215;259&#8243; style=\u00bbvc_box_outline\u00bb onclick=\u00bblink_image\u00bb][vc_empty_space][vc_column_text]<\/p>\n<p style=\"text-align: left;\"><strong>Any Ray II <\/strong><\/p>\n<p>[\/vc_column_text][vc_column_text]RX port\u00e1til de alta frecuencia (HF)<br \/>\nBaja emisi\u00f3n de radiaci\u00f3n (an\u00f3dica de corriente 2 MA)<br \/>\n60 kV de tensi\u00f3n de funcionamiento<br \/>\nSe hace hasta 100 disparos sin recargar la bater\u00eda[\/vc_column_text][vc_empty_space][vc_btn title=\u00bbMais info.\u00bb style=\u00bbclassic\u00bb color=\u00bbprimary\u00bb i_icon_fontawesome=\u00bbfa fa-file-pdf-o\u00bb add_icon=\u00bbtrue\u00bb link=\u00bburl:http%3A%2F%2Fbatadec.com%2Fwp-content%2Fuploads%2F2017%2F03%2FVATECH-Any-Ray-II.pdf|title:Any%20Ray%20II|target:%20_blank|\u00bb][\/vc_column_inner][vc_column_inner width=\u00bb1\/3&#8243;][\/vc_column_inner][\/vc_row_inner][\/vc_tta_section][vc_tta_section title=\u00bbIntraoral\u00bb tab_id=\u00bb1489486263472-c28de1d5-191e\u00bb][vc_row_inner][vc_column_inner width=\u00bb1\/3&#8243;][vc_single_image image=\u00bb12286&#8243; img_size=\u00bb370&#215;259&#8243; alignment=\u00bbcenter\u00bb style=\u00bbvc_box_outline\u00bb onclick=\u00bblink_image\u00bb][vc_empty_space][vc_column_text]<\/p>\n<p style=\"text-align: left;\"><strong>EzRay Premium<\/strong><\/p>\n<p>[\/vc_column_text][vc_column_text]Wall-rayos X con un dise\u00f1o renovado.<br \/>\nGenerador de corriente continua.<br \/>\nIntuitiva y f\u00e1cil de usar.[\/vc_column_text][vc_empty_space][vc_btn title=\u00bbMais info.\u00bb style=\u00bbclassic\u00bb color=\u00bbprimary\u00bb i_icon_fontawesome=\u00bbfa fa-file-pdf-o\u00bb add_icon=\u00bbtrue\u00bb link=\u00bburl:http%3A%2F%2Fbatadec.com%2Fwp-content%2Fuploads%2F2017%2F03%2FVATECH-EzRayP.pdf|title:EzRay%20Premium|target:%20_blank|\u00bb][\/vc_column_inner][vc_column_inner width=\u00bb1\/3&#8243;][vc_single_image image=\u00bb12287&#8243; img_size=\u00bb370&#215;259&#8243; style=\u00bbvc_box_outline\u00bb onclick=\u00bblink_image\u00bb][vc_empty_space][vc_column_text]<\/p>\n<p style=\"text-align: left;\"><strong>EzSensor<\/strong><\/p>\n<p>[\/vc_column_text][vc_column_text]Sensores intraorales de alta calidad y durabilidad. Alta sensibilidad para una imagen clara con la dosis m\u00ednima. El sensor CMOS 35\u339b.[\/vc_column_text][vc_empty_space][vc_btn title=\u00bbMais info.\u00bb style=\u00bbclassic\u00bb color=\u00bbprimary\u00bb i_icon_fontawesome=\u00bbfa fa-file-pdf-o\u00bb add_icon=\u00bbtrue\u00bb link=\u00bburl:http%3A%2F%2Fbatadec.com%2Fwp-content%2Fuploads%2F2017%2F03%2FVATECH-EzSensor.pdf|title:EzSensor|target:%20_blank|\u00bb][\/vc_column_inner][vc_column_inner width=\u00bb1\/3&#8243;][\/vc_column_inner][\/vc_row_inner][\/vc_tta_section][\/vc_tta_accordion][\/vc_column][\/vc_row]<\/p>","protected":false},"excerpt":{"rendered":"<p>[vc_row][vc_column][vc_column_text]El Batadec es la marca Vatech con una amplia gama de productos en el campo de la radiolog\u00eda e imagen para las cl\u00ednicas, con la esperanza de ser capaz de proporcionar soluciones con el fin de satisfacer las diversas necesidades de sus clientes.[\/vc_column_text][vc_empty_space][\/vc_column][\/vc_row][vc_row][vc_column][vc_tta_accordion][vc_tta_section title=\u00bbRadiolog\u00eda\u00bb tab_id=\u00bb1476712553815-fc8c2809-cffad389-eaf4&#8243;][vc_row_inner][vc_column_inner width=\u00bb1\/3&#8243;][vc_single_image image=\u00bb12303&#8243; img_size=\u00bb370&#215;259&#8243; alignment=\u00bbcenter\u00bb style=\u00bbvc_box_outline\u00bb onclick=\u00bblink_image\u00bb][vc_empty_space][vc_column_text] PaX-i [\/vc_column_text][vc_column_text]Panorama del sensor:&#8230; <a class=\"read-more\" href=\"https:\/\/batadec.com\/es\/produtos\/vatech\/\"> READ MORE<\/a><\/p>\n","protected":false},"author":1,"featured_media":0,"parent":12136,"menu_order":0,"comment_status":"closed","ping_status":"closed","template":"","meta":[],"_links":{"self":[{"href":"https:\/\/batadec.com\/es\/wp-json\/wp\/v2\/pages\/12215"}],"collection":[{"href":"https:\/\/batadec.com\/es\/wp-json\/wp\/v2\/pages"}],"about":[{"href":"https:\/\/batadec.com\/es\/wp-json\/wp\/v2\/types\/page"}],"author":[{"embeddable":true,"href":"https:\/\/batadec.com\/es\/wp-json\/wp\/v2\/users\/1"}],"replies":[{"embeddable":true,"href":"https:\/\/batadec.com\/es\/wp-json\/wp\/v2\/comments?post=12215"}],"version-history":[{"count":31,"href":"https:\/\/batadec.com\/es\/wp-json\/wp\/v2\/pages\/12215\/revisions"}],"predecessor-version":[{"id":12555,"href":"https:\/\/batadec.com\/es\/wp-json\/wp\/v2\/pages\/12215\/revisions\/12555"}],"up":[{"embeddable":true,"href":"https:\/\/batadec.com\/es\/wp-json\/wp\/v2\/pages\/12136"}],"wp:attachment":[{"href":"https:\/\/batadec.com\/es\/wp-json\/wp\/v2\/media?parent=12215"}],"curies":[{"name":"wp","href":"https:\/\/api.w.org\/{rel}","templated":true}]}}