{"id":12217,"date":"2017-03-09T13:01:40","date_gmt":"2017-03-09T13:01:40","guid":{"rendered":"http:\/\/batadec.com\/?page_id=12217"},"modified":"2017-03-31T16:00:08","modified_gmt":"2017-03-31T16:00:08","slug":"nsk","status":"publish","type":"page","link":"https:\/\/batadec.com\/es\/produtos\/nsk\/","title":{"rendered":"NSK"},"content":{"rendered":"<p>[vc_row][vc_column]\t\t\t<div class=\"cortana-heading border-bottom left style1 \" >\n\t\t\t\t\t\t\t\t\t<h2 style=\"font-size:20px\">NSK<\/h2>\n\t\t\t\t\t\t\t<\/div>\n\t\t\t[vc_column_text]El Batadec es la marca NSK con una amplia gama de productos en el segmento de los instrumentos para las cl\u00ednicas, con la esperanza de ser capaz de proporcionar soluciones con el fin de satisfacer las diversas necesidades de sus clientes.[\/vc_column_text][vc_empty_space][\/vc_column][\/vc_row][vc_row][vc_column][vc_tta_accordion][vc_tta_section title=\u00bbMicromotores\u00bb tab_id=\u00bb1490975800490-c524a527-e3e7&#8243;][vc_row_inner][vc_column_inner width=\u00bb1\/3&#8243;][vc_single_image image=\u00bb12657&#8243; img_size=\u00bb370&#215;259&#8243; alignment=\u00bbcenter\u00bb style=\u00bbvc_box_outline\u00bb onclick=\u00bblink_image\u00bb][vc_empty_space][vc_column_text]<\/p>\n<p style=\"text-align: left;\"><strong>Multi Pad Auto-Select<\/strong><\/p>\n<p>[\/vc_column_text][vc_column_text]El NSK Multi Pad s\u00f3lo permite el control de la micromotor el\u00e9ctrico NLX nano, m\u00e1s NLX y Varios 170 ultrasonido en un solo sistema.[\/vc_column_text][vc_empty_space][vc_btn title=\u00bbMais info.\u00bb style=\u00bbclassic\u00bb color=\u00bbprimary\u00bb i_icon_fontawesome=\u00bbfa fa-file-pdf-o\u00bb add_icon=\u00bbtrue\u00bb link=\u00bburl:http%3A%2F%2Fbatadec.com%2Fwp-content%2Fuploads%2F2017%2F03%2Fclinical_micromotors_general.pdf|title:Micromotores|target:%20_blank|\u00bb][\/vc_column_inner][vc_column_inner width=\u00bb1\/3&#8243;][vc_single_image image=\u00bb12658&#8243; img_size=\u00bb370&#215;259&#8243; alignment=\u00bbcenter\u00bb style=\u00bbvc_box_outline\u00bb onclick=\u00bblink_image\u00bb][vc_empty_space][vc_column_text]<\/p>\n<p style=\"text-align: left;\"><strong>Micromotor NLX NANO LED<\/strong><\/p>\n<p>[\/vc_column_text][vc_column_text]El nano NLX ha sido dise\u00f1ado para minimizar el peso y tama\u00f1o, mejorar el equilibrio y reducir la fatiga durante los tratamientos largos.[\/vc_column_text][vc_empty_space][vc_btn title=\u00bbMais info.\u00bb style=\u00bbclassic\u00bb color=\u00bbprimary\u00bb i_icon_fontawesome=\u00bbfa fa-file-pdf-o\u00bb add_icon=\u00bbtrue\u00bb link=\u00bburl:http%3A%2F%2Fbatadec.com%2Fwp-content%2Fuploads%2F2017%2F03%2Fclinical_micromotors_general.pdf|title:Micromotores|target:%20_blank|\u00bb][\/vc_column_inner][vc_column_inner width=\u00bb1\/3&#8243;][vc_single_image image=\u00bb12659&#8243; img_size=\u00bb370&#215;259&#8243; style=\u00bbvc_box_outline\u00bb onclick=\u00bblink_image\u00bb][vc_empty_space][vc_column_text]<\/p>\n<p style=\"text-align: left;\"><strong>Micromotor NLX PLUS LED<\/strong><\/p>\n<p>[\/vc_column_text][vc_column_text]Micromotor con titanio LED \u00f3pticas, el\u00e9ctricas cepillado. Prost para el montaje en cualquier configuraci\u00f3n de alimentaci\u00f3n.[\/vc_column_text][vc_empty_space][vc_btn title=\u00bbMais info.\u00bb style=\u00bbclassic\u00bb color=\u00bbprimary\u00bb i_icon_fontawesome=\u00bbfa fa-file-pdf-o\u00bb add_icon=\u00bbtrue\u00bb link=\u00bburl:http%3A%2F%2Fbatadec.com%2Fwp-content%2Fuploads%2F2017%2F03%2Fclinical_micromotors_general.pdf|title:Micromotores|target:%20_blank|\u00bb][\/vc_column_inner][\/vc_row_inner][vc_row_inner][vc_column_inner width=\u00bb1\/3&#8243;][vc_single_image image=\u00bb12660&#8243; img_size=\u00bb370&#215;259&#8243; style=\u00bbvc_box_outline\u00bb onclick=\u00bblink_image\u00bb][vc_empty_space][vc_column_text]<\/p>\n<p style=\"text-align: left;\"><strong>Micromotor Ti-Max X205L<\/strong><\/p>\n<p>[\/vc_column_text][vc_column_text]Micromotor con agua spray interno con m\u00e1s corta y ligera del motor, equilibrio insuperable con 360 \u00b0 de rotaci\u00f3n y la iluminaci\u00f3n de LED.[\/vc_column_text][vc_empty_space][vc_btn title=\u00bbMais info.\u00bb style=\u00bbclassic\u00bb color=\u00bbprimary\u00bb i_icon_fontawesome=\u00bbfa fa-file-pdf-o\u00bb add_icon=\u00bbtrue\u00bb link=\u00bburl:http%3A%2F%2Fbatadec.com%2Fwp-content%2Fuploads%2F2017%2F03%2Fclinical_micromotors_general.pdf|title:Micromotores|target:%20_blank|\u00bb][\/vc_column_inner][vc_column_inner width=\u00bb1\/3&#8243;][vc_single_image image=\u00bb12661&#8243; img_size=\u00bb370&#215;259&#8243; style=\u00bbvc_box_outline\u00bb onclick=\u00bblink_image\u00bb][vc_empty_space][vc_column_text]<\/p>\n<p style=\"text-align: left;\"><strong>Micromotor Dynaled\u00a0M205LG<\/strong><\/p>\n<p>[\/vc_column_text][vc_column_text]vibraci\u00f3n m\u00ednima asegurando un funcionamiento silencioso. Ofrece estable de alta calidad de iluminaci\u00f3n LED, incluso a bajas velocidades.[\/vc_column_text][vc_empty_space][vc_btn title=\u00bbMais info.\u00bb style=\u00bbclassic\u00bb color=\u00bbprimary\u00bb i_icon_fontawesome=\u00bbfa fa-file-pdf-o\u00bb add_icon=\u00bbtrue\u00bb link=\u00bburl:http%3A%2F%2Fbatadec.com%2Fwp-content%2Fuploads%2F2017%2F03%2Fclinical_micromotors_general.pdf|title:Micromotores|target:%20_blank|\u00bb][\/vc_column_inner][vc_column_inner width=\u00bb1\/3&#8243;][\/vc_column_inner][\/vc_row_inner][\/vc_tta_section][vc_tta_section title=\u00bbInstrumentos\u00bb tab_id=\u00bb1476712553815-fc8c2809-cffad389-eaf47033-5aad\u00bb][vc_row_inner][vc_column_inner width=\u00bb1\/3&#8243;][vc_single_image image=\u00bb12325&#8243; img_size=\u00bb370&#215;259&#8243; alignment=\u00bbcenter\u00bb style=\u00bbvc_box_outline\u00bb onclick=\u00bblink_image\u00bb][vc_empty_space][vc_column_text]<\/p>\n<p style=\"text-align: left;\"><strong>Turbina S-max M600L <\/strong><\/p>\n<p>[\/vc_column_text][vc_column_text]Cabeza norma<br \/>\nPotencia: 17 W<br \/>\nVelocidad: 360000-430000 min-1<br \/>\nTama\u00f1o de la cabeza: \u00f8 12,1 mm x H13,3[\/vc_column_text][vc_empty_space][vc_btn title=\u00bbMais info.\u00bb style=\u00bbclassic\u00bb color=\u00bbprimary\u00bb i_icon_fontawesome=\u00bbfa fa-file-pdf-o\u00bb add_icon=\u00bbtrue\u00bb link=\u00bburl:http%3A%2F%2Fbatadec.com%2Fwp-content%2Fuploads%2F2017%2F03%2FS-Max_Series_catalog_ES.pdf|title:Turbina%20S-max%20M600L|target:%20_blank|\u00bb][\/vc_column_inner][vc_column_inner width=\u00bb1\/3&#8243;][vc_single_image image=\u00bb12325&#8243; img_size=\u00bb370&#215;259&#8243; alignment=\u00bbcenter\u00bb style=\u00bbvc_box_outline\u00bb onclick=\u00bblink_image\u00bb][vc_empty_space][vc_column_text]<\/p>\n<p style=\"text-align: left;\"><strong>Turbina S-max pico <\/strong><\/p>\n<p>[\/vc_column_text][vc_column_text]\u00d3ptica de vidrio celular<br \/>\nRodamientos de cer\u00e1mica<br \/>\nSistema de limpieza del cabezal<br \/>\nRotor ISB[\/vc_column_text][vc_empty_space][vc_btn title=\u00bbMais info.\u00bb style=\u00bbclassic\u00bb color=\u00bbprimary\u00bb i_icon_fontawesome=\u00bbfa fa-file-pdf-o\u00bb add_icon=\u00bbtrue\u00bb link=\u00bburl:http%3A%2F%2Fbatadec.com%2Fwp-content%2Fuploads%2F2017%2F03%2FTURBINA-PICO.pdf|title:Turbina%20S-max%20pico|target:%20_blank|\u00bb][\/vc_column_inner][vc_column_inner width=\u00bb1\/3&#8243;][vc_single_image image=\u00bb12328&#8243; img_size=\u00bb370&#215;259&#8243; style=\u00bbvc_box_outline\u00bb onclick=\u00bblink_image\u00bb][vc_empty_space][vc_column_text]<\/p>\n<p style=\"text-align: left;\"><strong>Contra \u00e2ngulo S-MAX M 25L<\/strong><\/p>\n<p>[\/vc_column_text][vc_column_text]\u00d3ptico<br \/>\nLa transmisi\u00f3n directa 1: 1<br \/>\nPara fresas CA (\u00f8 2.35)<br \/>\nVelocidad m\u00e1xima: 40.000 min-1[\/vc_column_text][vc_empty_space][vc_btn title=\u00bbMais info.\u00bb style=\u00bbclassic\u00bb color=\u00bbprimary\u00bb i_icon_fontawesome=\u00bbfa fa-file-pdf-o\u00bb add_icon=\u00bbtrue\u00bb link=\u00bburl:http%3A%2F%2Fbatadec.com%2Fwp-content%2Fuploads%2F2017%2F03%2FS-Max_Series_contra_angulos_catalog_ES.pdf|title:Contra%20%C3%A2ngulo%20S-MAX%20M%2025L%20|target:%20_blank|\u00bb][\/vc_column_inner][\/vc_row_inner][vc_row_inner][vc_column_inner width=\u00bb1\/3&#8243;][vc_single_image image=\u00bb12331&#8243; img_size=\u00bb370&#215;259&#8243; style=\u00bbvc_box_outline\u00bb onclick=\u00bblink_image\u00bb][vc_empty_space][vc_column_text]<\/p>\n<p style=\"text-align: left;\"><strong>Prophy Mate Neo<\/strong><\/p>\n<p>[\/vc_column_text][vc_column_text]Dise\u00f1o ergon\u00f3mico confortable<br \/>\nRotaci\u00f3n f\u00e1cil y fluido a 360 \u00b0<br \/>\nBoquillas f\u00e1cilmente desmontables<br \/>\ncon punta de 60 \u00b0 y 80 \u00b0[\/vc_column_text][vc_empty_space][vc_btn title=\u00bbMais info.\u00bb style=\u00bbclassic\u00bb color=\u00bbprimary\u00bb i_icon_fontawesome=\u00bbfa fa-file-pdf-o\u00bb add_icon=\u00bbtrue\u00bb link=\u00bburl:http%3A%2F%2Fbatadec.com%2Fwp-content%2Fuploads%2F2017%2F03%2Foral-hygiene_general.pdf|title:Prophy%20Mate%20Neo%20|target:%20_blank|\u00bb][\/vc_column_inner][vc_column_inner width=\u00bb1\/3&#8243;][\/vc_column_inner][vc_column_inner width=\u00bb1\/3&#8243;][\/vc_column_inner][\/vc_row_inner][\/vc_tta_section][vc_tta_section title=\u00bbLa cirug\u00eda oral\u00bb tab_id=\u00bb1489769844787-4ad03f6a-d1c5&#8243;][vc_row_inner][vc_column_inner width=\u00bb1\/3&#8243;][vc_single_image image=\u00bb12506&#8243; img_size=\u00bb370&#215;259&#8243; alignment=\u00bbcenter\u00bb style=\u00bbvc_box_outline\u00bb onclick=\u00bblink_image\u00bb][vc_empty_space][vc_column_text]<\/p>\n<p style=\"text-align: left;\"><strong>VarioSurg3 <\/strong><\/p>\n<p>[\/vc_column_text][vc_column_text]La unidad de control<br \/>\nPieza de mano con 2 m de cable de control \u00f3ptico<br \/>\nPedal FC-78<br \/>\nSpay casete<br \/>\ntubo de irrigaci\u00f3n (x5) y otros accesorios[\/vc_column_text][vc_empty_space][vc_btn title=\u00bbMais info.\u00bb style=\u00bbclassic\u00bb color=\u00bbprimary\u00bb i_icon_fontawesome=\u00bbfa fa-file-pdf-o\u00bb add_icon=\u00bbtrue\u00bb link=\u00bburl:http%3A%2F%2Fbatadec.com%2Fwp-content%2Fuploads%2F2017%2F03%2FNSK_SurgicalCategory.pdf|title:VarioSurg3|target:%20_blank|\u00bb][\/vc_column_inner][vc_column_inner width=\u00bb1\/3&#8243;][vc_single_image image=\u00bb12509&#8243; img_size=\u00bb370&#215;259&#8243; style=\u00bbvc_box_outline\u00bb onclick=\u00bblink_image\u00bb][vc_empty_space][vc_column_text]<\/p>\n<p style=\"text-align: left;\"><strong>Surgic Pro+<\/strong><\/p>\n<p>[\/vc_column_text][vc_column_text]Unidad de control con el almacenamiento de datos<br \/>\nMicromotor SGL70M LED<br \/>\nControl de Pedal FC-78<br \/>\npieza de mano \u00f3ptico X-DSG20L (reducci\u00f3n de 20: 1)<br \/>\ntubo de irrigaci\u00f3n (5 piezas) y otros accesorios[\/vc_column_text][vc_empty_space][vc_btn title=\u00bbMais info.\u00bb style=\u00bbclassic\u00bb color=\u00bbprimary\u00bb i_icon_fontawesome=\u00bbfa fa-file-pdf-o\u00bb add_icon=\u00bbtrue\u00bb link=\u00bburl:http%3A%2F%2Fbatadec.com%2Fwp-content%2Fuploads%2F2017%2F03%2FNSK_SurgicalCategory.pdf|title:Surgic%20Pro%2B|target:%20_blank|\u00bb][\/vc_column_inner][vc_column_inner width=\u00bb1\/3&#8243;][vc_single_image image=\u00bb12511&#8243; img_size=\u00bb370&#215;259&#8243; style=\u00bbvc_box_outline\u00bb onclick=\u00bblink_image\u00bb][vc_empty_space][vc_column_text]<\/p>\n<p style=\"text-align: left;\"><strong>Surgic Pro+ LED<\/strong><\/p>\n<p>[\/vc_column_text][vc_column_text]Unidad de control con el almacenamiento de datos<br \/>\nMicromotor SGL70M LED<br \/>\nControl de Pedal FC-78<br \/>\npieza de mano \u00f3ptico X-DSG20L (reducci\u00f3n de 20: 1)<br \/>\ntubo de irrigaci\u00f3n (5 piezas) y otros accesorios[\/vc_column_text][vc_empty_space][vc_btn title=\u00bbMais info.\u00bb style=\u00bbclassic\u00bb color=\u00bbprimary\u00bb i_icon_fontawesome=\u00bbfa fa-file-pdf-o\u00bb add_icon=\u00bbtrue\u00bb link=\u00bburl:http%3A%2F%2Fbatadec.com%2Fwp-content%2Fuploads%2F2017%2F03%2FNSK_SurgicalCategory.pdf|title:Surgic%20Pro%2B%20LED|target:%20_blank|\u00bb][\/vc_column_inner][\/vc_row_inner][\/vc_tta_section][vc_tta_section title=\u00bbEsterilizaci\u00f3n\u00bb tab_id=\u00bb1489769586572-8c912c4d-612c\u00bb][vc_row_inner][vc_column_inner width=\u00bb1\/3&#8243;][vc_single_image image=\u00bb12334&#8243; img_size=\u00bb370&#215;259&#8243; alignment=\u00bbcenter\u00bb style=\u00bbvc_box_outline\u00bb onclick=\u00bblink_image\u00bb][vc_empty_space][vc_column_text]<\/p>\n<p style=\"text-align: left;\"><strong>Autoclave iClave Plus <\/strong><\/p>\n<p>[\/vc_column_text][vc_column_text]18 litros modelo que cumple con los est\u00e1ndares de esterilizaci\u00f3n estrictas.<br \/>\nc\u00e1mara de cobre para reducir al m\u00ednimo las fluctuaciones t\u00e9rmicas en el interior.[\/vc_column_text][vc_empty_space][vc_btn title=\u00bbMais info.\u00bb style=\u00bbclassic\u00bb color=\u00bbprimary\u00bb i_icon_fontawesome=\u00bbfa fa-file-pdf-o\u00bb add_icon=\u00bbtrue\u00bb link=\u00bburl:http%3A%2F%2Fbatadec.com%2Fwp-content%2Fuploads%2F2017%2F03%2Fautoclave.pdf|title:Autoclave%20iClave%20Plus|target:%20_blank|\u00bb][\/vc_column_inner][vc_column_inner width=\u00bb1\/3&#8243;][\/vc_column_inner][vc_column_inner width=\u00bb1\/3&#8243;][\/vc_column_inner][\/vc_row_inner][\/vc_tta_section][\/vc_tta_accordion][\/vc_column][\/vc_row]<\/p>","protected":false},"excerpt":{"rendered":"<p>[vc_row][vc_column][vc_column_text]El Batadec es la marca NSK con una amplia gama de productos en el segmento de los instrumentos para las cl\u00ednicas, con la esperanza de ser capaz de proporcionar soluciones con el fin de satisfacer las diversas necesidades de sus clientes.[\/vc_column_text][vc_empty_space][\/vc_column][\/vc_row][vc_row][vc_column][vc_tta_accordion][vc_tta_section title=\u00bbMicromotores\u00bb tab_id=\u00bb1490975800490-c524a527-e3e7&#8243;][vc_row_inner][vc_column_inner width=\u00bb1\/3&#8243;][vc_single_image image=\u00bb12657&#8243; img_size=\u00bb370&#215;259&#8243; alignment=\u00bbcenter\u00bb style=\u00bbvc_box_outline\u00bb onclick=\u00bblink_image\u00bb][vc_empty_space][vc_column_text] Multi Pad Auto-Select [\/vc_column_text][vc_column_text]El NSK Multi&#8230; <a class=\"read-more\" href=\"https:\/\/batadec.com\/es\/produtos\/nsk\/\"> READ MORE<\/a><\/p>\n","protected":false},"author":1,"featured_media":0,"parent":12136,"menu_order":0,"comment_status":"closed","ping_status":"closed","template":"","meta":[],"_links":{"self":[{"href":"https:\/\/batadec.com\/es\/wp-json\/wp\/v2\/pages\/12217"}],"collection":[{"href":"https:\/\/batadec.com\/es\/wp-json\/wp\/v2\/pages"}],"about":[{"href":"https:\/\/batadec.com\/es\/wp-json\/wp\/v2\/types\/page"}],"author":[{"embeddable":true,"href":"https:\/\/batadec.com\/es\/wp-json\/wp\/v2\/users\/1"}],"replies":[{"embeddable":true,"href":"https:\/\/batadec.com\/es\/wp-json\/wp\/v2\/comments?post=12217"}],"version-history":[{"count":24,"href":"https:\/\/batadec.com\/es\/wp-json\/wp\/v2\/pages\/12217\/revisions"}],"predecessor-version":[{"id":12665,"href":"https:\/\/batadec.com\/es\/wp-json\/wp\/v2\/pages\/12217\/revisions\/12665"}],"up":[{"embeddable":true,"href":"https:\/\/batadec.com\/es\/wp-json\/wp\/v2\/pages\/12136"}],"wp:attachment":[{"href":"https:\/\/batadec.com\/es\/wp-json\/wp\/v2\/media?parent=12217"}],"curies":[{"name":"wp","href":"https:\/\/api.w.org\/{rel}","templated":true}]}}