{"id":12219,"date":"2017-03-09T12:56:07","date_gmt":"2017-03-09T12:56:07","guid":{"rendered":"http:\/\/batadec.com\/?page_id=12219"},"modified":"2017-03-23T12:23:15","modified_gmt":"2017-03-23T12:23:15","slug":"batadec","status":"publish","type":"page","link":"https:\/\/batadec.com\/es\/produtos\/batadec\/","title":{"rendered":"Batadec"},"content":{"rendered":"<p>[vc_row][vc_column]\t\t\t<div class=\"cortana-heading border-bottom left style1 \" >\n\t\t\t\t\t\t\t\t\t<h2 style=\"font-size:20px\">BATADEC<\/h2>\n\t\t\t\t\t\t\t<\/div>\n\t\t\t[vc_column_text]El Batadec vende productos de marca, de alta calidad, en los campos de las unidades dentales, l\u00e1mparas y asistentes taburetes y m\u00e9dico, con la esperanza de ser capaz de proporcionar soluciones para satisfacer las diversas necesidades de sus clientes.[\/vc_column_text][vc_empty_space][\/vc_column][\/vc_row][vc_row][vc_column][vc_tta_accordion][vc_tta_section title=\u00bbUnidades Dentales\u00bb tab_id=\u00bb1476712553815-fc8c2809-cffad389-eaf4c976-9ea3&#8243;][vc_row_inner][vc_column_inner width=\u00bb1\/3&#8243;][vc_single_image image=\u00bb12340&#8243; img_size=\u00bb370&#215;259&#8243; alignment=\u00bbcenter\u00bb style=\u00bbvc_box_outline\u00bb onclick=\u00bblink_image\u00bb][vc_empty_space][vc_column_text]<strong>Batadec Atlas<\/strong>[\/vc_column_text][vc_column_text]La silla Batadec Atlas es el m\u00e1s econ\u00f3mico en nuestra l\u00ednea de productos. Permitir el m\u00e1s alto nivel de control as\u00e9ptica y tiene un personal que ofrece una excelente durabilidad.[\/vc_column_text][vc_empty_space][vc_btn title=\u00bbMais info.\u00bb style=\u00bbclassic\u00bb color=\u00bbprimary\u00bb i_icon_fontawesome=\u00bbfa fa-file-pdf-o\u00bb add_icon=\u00bbtrue\u00bb link=\u00bburl:http%3A%2F%2Fbatadec.com%2Fwp-content%2Fuploads%2F2017%2F03%2Fbatadec_atlas.pdf|title:Batadec%20Atlas|target:%20_blank|\u00bb][\/vc_column_inner][vc_column_inner width=\u00bb1\/3&#8243;][vc_single_image image=\u00bb12445&#8243; img_size=\u00bb370&#215;259&#8243; style=\u00bbvc_box_outline\u00bb onclick=\u00bblink_image\u00bb][vc_empty_space][vc_column_text]<strong>Batadec Henares<\/strong>[\/vc_column_text][vc_column_text]El Batadec Henares es una silla compacta, ergon\u00f3mica y moderna. Tiene un sistema de ascensor h\u00edbrido (hidr\u00e1ulica + electromec\u00e1nico base del motor).[\/vc_column_text][vc_empty_space][vc_btn title=\u00bbMais info.\u00bb style=\u00bbclassic\u00bb color=\u00bbprimary\u00bb i_icon_fontawesome=\u00bbfa fa-file-pdf-o\u00bb add_icon=\u00bbtrue\u00bb link=\u00bburl:http%3A%2F%2Fbatadec.com%2Fwp-content%2Fuploads%2F2017%2F03%2Fbatadec_henares.pdf|title:Batadec%20Henares|target:%20_blank|\u00bb][\/vc_column_inner][vc_column_inner width=\u00bb1\/3&#8243;][vc_single_image image=\u00bb12446&#8243; img_size=\u00bb370&#215;259&#8243; style=\u00bbvc_box_outline\u00bb onclick=\u00bblink_image\u00bb][vc_empty_space][vc_column_text]<strong>Batadec Tejo<\/strong>[\/vc_column_text][vc_column_text]La silla Batadec Tajo incorpora la \u00faltima tecnolog\u00eda y el confort del paciente y el m\u00e9dico. El nuevo dise\u00f1o ofrece la zona de operaciones ideal para la ergonom\u00eda maximizando m\u00e9dicos.[\/vc_column_text][vc_empty_space][vc_btn title=\u00bbMais info.\u00bb style=\u00bbclassic\u00bb color=\u00bbprimary\u00bb i_icon_fontawesome=\u00bbfa fa-file-pdf-o\u00bb add_icon=\u00bbtrue\u00bb link=\u00bburl:http%3A%2F%2Fbatadec.com%2Fwp-content%2Fuploads%2F2017%2F03%2Fbatadec_tejo.pdf|title:Batadec%20Tejo|target:%20_blank|\u00bb][\/vc_column_inner][\/vc_row_inner][\/vc_tta_section][vc_tta_section title=\u00bbL\u00e1mparas\u00bb tab_id=\u00bb1489486263472-c28de1d5-191ec976-9ea3&#8243;][vc_row_inner][vc_column_inner width=\u00bb1\/3&#8243;][vc_single_image image=\u00bb12350&#8243; img_size=\u00bb370&#215;259&#8243; alignment=\u00bbcenter\u00bb style=\u00bbvc_box_outline\u00bb onclick=\u00bblink_image\u00bb][vc_empty_space][vc_column_text]<\/p>\n<p style=\"text-align: left;\"><strong>L\u00e1mparas Torch<\/strong><\/p>\n<p>[\/vc_column_text][vc_column_text]La l\u00e1mpara Torch utiliza algunos de los LED m\u00e1s avanzada para la odontolog\u00eda. El patr\u00f3n de la luz es muy conjunto para evitar que la luz que entra a los ojos de los pacientes que causan irritaci\u00f3n.[\/vc_column_text][vc_empty_space][vc_btn title=\u00bbMais info.\u00bb style=\u00bbclassic\u00bb color=\u00bbprimary\u00bb i_icon_fontawesome=\u00bbfa fa-file-pdf-o\u00bb add_icon=\u00bbtrue\u00bb link=\u00bburl:http%3A%2F%2Fbatadec.com%2Fwp-content%2Fuploads%2F2017%2F03%2FBatadec_Torch.pdf|title:Candeeiro%20Torch|target:%20_blank|\u00bb][\/vc_column_inner][vc_column_inner width=\u00bb1\/3&#8243;][vc_single_image image=\u00bb12355&#8243; img_size=\u00bb370&#215;259&#8243; style=\u00bbvc_box_outline\u00bb onclick=\u00bblink_image\u00bb][vc_empty_space][vc_column_text]<\/p>\n<p style=\"text-align: left;\"><strong>L\u00e1mparas Iris\u00a0<\/strong><\/p>\n<p>[\/vc_column_text][vc_column_text]IRIS \u00ae es la l\u00e1mpara individual con luz LED utilizado en la tecnolog\u00eda aplicaciones dentales para ajustar la temperatura de color de 4200 a 6000 Kelvin y la intensidad de luz de 8.000 a 35.000 lux.[\/vc_column_text][vc_empty_space][vc_btn title=\u00bbMais info.\u00bb style=\u00bbclassic\u00bb color=\u00bbprimary\u00bb i_icon_fontawesome=\u00bbfa fa-file-pdf-o\u00bb add_icon=\u00bbtrue\u00bb link=\u00bburl:http%3A%2F%2Fbatadec.com%2Fwp-content%2Fuploads%2F2017%2F03%2FBatadec_Iris.pdf|title:Candeeiro%20Iris|target:%20_blank|\u00bb][\/vc_column_inner][vc_column_inner width=\u00bb1\/3&#8243;][vc_single_image image=\u00bb12358&#8243; img_size=\u00bb370&#215;259&#8243; style=\u00bbvc_box_outline\u00bb onclick=\u00bblink_image\u00bb][vc_empty_space][vc_column_text]<\/p>\n<p style=\"text-align: left;\"><strong>L\u00e1mparas Polaris<\/strong><\/p>\n<p>[\/vc_column_text][vc_column_text]La l\u00e1mpara Polaris est\u00e1 disponible con sistema de blanqueo blanco para ser conectado directamente a la luz dental. Dedicado a los dentistas y sus motivos de trabajo.[\/vc_column_text][vc_empty_space][vc_btn title=\u00bbMais info.\u00bb style=\u00bbclassic\u00bb color=\u00bbprimary\u00bb i_icon_fontawesome=\u00bbfa fa-file-pdf-o\u00bb add_icon=\u00bbtrue\u00bb link=\u00bburl:http%3A%2F%2Fbatadec.com%2Fwp-content%2Fuploads%2F2017%2F03%2FBatadec_Polaris.pdf|title:Candeeiro%20Polaris|target:%20_blank|\u00bb][\/vc_column_inner][\/vc_row_inner][vc_row_inner][vc_column_inner width=\u00bb1\/3&#8243;][vc_single_image image=\u00bb12361&#8243; img_size=\u00bb370&#215;259&#8243; alignment=\u00bbcenter\u00bb style=\u00bbvc_box_outline\u00bb onclick=\u00bblink_image\u00bb][vc_empty_space][vc_column_text]<\/p>\n<p style=\"text-align: left;\"><strong>L\u00e1mparas Dual Track<\/strong><\/p>\n<p>[\/vc_column_text][vc_column_text]La l\u00e1mpara de Dual Track se construye con un sistema \u00fanico de carriles dobles. El dise\u00f1o innovador permite el movimiento independiente de cualquier longitud sin ninguna obstrucci\u00f3n.[\/vc_column_text][vc_empty_space][vc_btn title=\u00bbMais info.\u00bb style=\u00bbclassic\u00bb color=\u00bbprimary\u00bb i_icon_fontawesome=\u00bbfa fa-file-pdf-o\u00bb add_icon=\u00bbtrue\u00bb link=\u00bburl:http%3A%2F%2Fbatadec.com%2Fwp-content%2Fuploads%2F2017%2F03%2FBatadec_Dual-Track.pdf|title:Candeeiro%20Dual%20Track|target:%20_blank|\u00bb][\/vc_column_inner][vc_column_inner width=\u00bb1\/3&#8243;][\/vc_column_inner][vc_column_inner width=\u00bb1\/3&#8243;][\/vc_column_inner][\/vc_row_inner][\/vc_tta_section][vc_tta_section title=\u00bbBancos de M\u00e9dicos y Asistentes\u00bb tab_id=\u00bb1489507046628-54baf41a-f796&#8243;][vc_row_inner][vc_column_inner width=\u00bb1\/3&#8243;][vc_single_image image=\u00bb12364&#8243; img_size=\u00bb370&#215;259&#8243; alignment=\u00bbcenter\u00bb style=\u00bbvc_box_outline\u00bb onclick=\u00bblink_image\u00bb][vc_empty_space][vc_column_text]<\/p>\n<p style=\"text-align: left;\"><strong>Banco de\u00a0M\u00e9dicos<\/strong><\/p>\n<p>[\/vc_column_text][vc_column_text]El banco m\u00e9dico lujo Batadec ofrece asientos suave y confortable para cualquier dentista.[\/vc_column_text][vc_empty_space][vc_btn title=\u00bbMais info.\u00bb style=\u00bbclassic\u00bb color=\u00bbprimary\u00bb i_icon_fontawesome=\u00bbfa fa-file-pdf-o\u00bb add_icon=\u00bbtrue\u00bb link=\u00bburl:http%3A%2F%2Fbatadec.com%2Fwp-content%2Fuploads%2F2017%2F03%2FBatadec_Banco_Medico.pdf|title:Banco%20para%20M%C3%A9dico|target:%20_blank|\u00bb][\/vc_column_inner][vc_column_inner width=\u00bb1\/3&#8243;][vc_single_image image=\u00bb12365&#8243; img_size=\u00bb370&#215;259&#8243; style=\u00bbvc_box_outline\u00bb onclick=\u00bblink_image\u00bb][vc_empty_space][vc_column_text]<\/p>\n<p style=\"text-align: left;\"><strong>Banco de\u00a0Asistentes<\/strong><\/p>\n<p>[\/vc_column_text][vc_column_text]El banco del asistente lujo Batadec ofrece asientos suave y c\u00f3modo para cualquier asistente dental.[\/vc_column_text][vc_empty_space][vc_btn title=\u00bbMais info.\u00bb style=\u00bbclassic\u00bb color=\u00bbprimary\u00bb i_icon_fontawesome=\u00bbfa fa-file-pdf-o\u00bb add_icon=\u00bbtrue\u00bb link=\u00bburl:http%3A%2F%2Fbatadec.com%2Fwp-content%2Fuploads%2F2017%2F03%2FBatadec_Banco_Assistente.pdf|title:Banco%20para%20Assistente|target:%20_blank|\u00bb][\/vc_column_inner][vc_column_inner width=\u00bb1\/3&#8243;][\/vc_column_inner][\/vc_row_inner][\/vc_tta_section][\/vc_tta_accordion][\/vc_column][\/vc_row]<\/p>","protected":false},"excerpt":{"rendered":"<p>[vc_row][vc_column][vc_column_text]El Batadec vende productos de marca, de alta calidad, en los campos de las unidades dentales, l\u00e1mparas y asistentes taburetes y m\u00e9dico, con la esperanza de ser capaz de proporcionar soluciones para satisfacer las diversas necesidades de sus clientes.[\/vc_column_text][vc_empty_space][\/vc_column][\/vc_row][vc_row][vc_column][vc_tta_accordion][vc_tta_section title=\u00bbUnidades Dentales\u00bb tab_id=\u00bb1476712553815-fc8c2809-cffad389-eaf4c976-9ea3&#8243;][vc_row_inner][vc_column_inner width=\u00bb1\/3&#8243;][vc_single_image image=\u00bb12340&#8243; img_size=\u00bb370&#215;259&#8243; alignment=\u00bbcenter\u00bb style=\u00bbvc_box_outline\u00bb onclick=\u00bblink_image\u00bb][vc_empty_space][vc_column_text]Batadec Atlas[\/vc_column_text][vc_column_text]La silla Batadec Atlas es el m\u00e1s&#8230; <a class=\"read-more\" href=\"https:\/\/batadec.com\/es\/produtos\/batadec\/\"> READ MORE<\/a><\/p>\n","protected":false},"author":1,"featured_media":0,"parent":12136,"menu_order":0,"comment_status":"closed","ping_status":"closed","template":"","meta":[],"_links":{"self":[{"href":"https:\/\/batadec.com\/es\/wp-json\/wp\/v2\/pages\/12219"}],"collection":[{"href":"https:\/\/batadec.com\/es\/wp-json\/wp\/v2\/pages"}],"about":[{"href":"https:\/\/batadec.com\/es\/wp-json\/wp\/v2\/types\/page"}],"author":[{"embeddable":true,"href":"https:\/\/batadec.com\/es\/wp-json\/wp\/v2\/users\/1"}],"replies":[{"embeddable":true,"href":"https:\/\/batadec.com\/es\/wp-json\/wp\/v2\/comments?post=12219"}],"version-history":[{"count":23,"href":"https:\/\/batadec.com\/es\/wp-json\/wp\/v2\/pages\/12219\/revisions"}],"predecessor-version":[{"id":12542,"href":"https:\/\/batadec.com\/es\/wp-json\/wp\/v2\/pages\/12219\/revisions\/12542"}],"up":[{"embeddable":true,"href":"https:\/\/batadec.com\/es\/wp-json\/wp\/v2\/pages\/12136"}],"wp:attachment":[{"href":"https:\/\/batadec.com\/es\/wp-json\/wp\/v2\/media?parent=12219"}],"curies":[{"name":"wp","href":"https:\/\/api.w.org\/{rel}","templated":true}]}}