{"id":12220,"date":"2017-03-09T12:50:45","date_gmt":"2017-03-09T12:50:45","guid":{"rendered":"http:\/\/batadec.com\/?page_id=12220"},"modified":"2017-03-23T12:20:17","modified_gmt":"2017-03-23T12:20:17","slug":"astra","status":"publish","type":"page","link":"https:\/\/batadec.com\/es\/produtos\/astra\/","title":{"rendered":"Astra"},"content":{"rendered":"<p>[vc_row][vc_column]\t\t\t<div class=\"cortana-heading border-bottom left style1 \" >\n\t\t\t\t\t\t\t\t\t<h2 style=\"font-size:20px\">ASTRA<\/h2>\n\t\t\t\t\t\t\t<\/div>\n\t\t\t[vc_column_text]El Batadec es la marca ASTRA que tiene una amplia gama de productos en el segmento de muebles para cl\u00ednicas, con la esperanza de ser capaz de proporcionar soluciones con el fin de satisfacer las diversas necesidades de sus clientes.[\/vc_column_text][vc_empty_space][\/vc_column][\/vc_row][vc_row][vc_column][vc_tta_accordion][vc_tta_section title=\u00bbMobiliario Cl\u00ednico\u00bb tab_id=\u00bb1476712553815-fc8c2809-cffad389-eaf44a4a-242f\u00bb][vc_row_inner][vc_column_inner width=\u00bb1\/3&#8243;][vc_single_image image=\u00bb12449&#8243; img_size=\u00bb370&#215;259&#8243; alignment=\u00bbcenter\u00bb style=\u00bbvc_box_outline\u00bb onclick=\u00bblink_image\u00bb][vc_empty_space][vc_column_text]<\/p>\n<p style=\"text-align: left;\"><strong>Alius Basic-Line 11<\/strong><\/p>\n<p>[\/vc_column_text][vc_column_text]La inmediatez y la est\u00e9tica se encuentran en la l\u00ednea Basic, donde el color juega un papel esencial.[\/vc_column_text][vc_empty_space][vc_btn title=\u00bbMais info.\u00bb style=\u00bbclassic\u00bb color=\u00bbprimary\u00bb i_icon_fontawesome=\u00bbfa fa-file-pdf-o\u00bb add_icon=\u00bbtrue\u00bb link=\u00bburl:http%3A%2F%2Fbatadec.com%2Fwp-content%2Fuploads%2F2017%2F03%2FAlius-Basic-Line-IT-DE-EN-FR-.pdf|title:Alius%20Basic-Line|target:%20_blank|\u00bb][\/vc_column_inner][vc_column_inner width=\u00bb1\/3&#8243;][vc_single_image image=\u00bb12450&#8243; img_size=\u00bb370&#215;259&#8243; style=\u00bbvc_box_outline\u00bb onclick=\u00bblink_image\u00bb][vc_empty_space][vc_column_text]<\/p>\n<p style=\"text-align: left;\"><strong>Alius Basic-Line 12<\/strong><\/p>\n<p>[\/vc_column_text][vc_column_text]La inmediatez y la est\u00e9tica se encuentran en la l\u00ednea Basic, donde el color juega un papel esencial.[\/vc_column_text][vc_empty_space][vc_btn title=\u00bbMais info.\u00bb style=\u00bbclassic\u00bb color=\u00bbprimary\u00bb i_icon_fontawesome=\u00bbfa fa-file-pdf-o\u00bb add_icon=\u00bbtrue\u00bb link=\u00bburl:http%3A%2F%2Fbatadec.com%2Fwp-content%2Fuploads%2F2017%2F03%2FAlius-Basic-Line-IT-DE-EN-FR-.pdf|title:Alius%20Basic-Line|target:%20_blank|\u00bb][\/vc_column_inner][vc_column_inner width=\u00bb1\/3&#8243;][vc_single_image image=\u00bb12454&#8243; img_size=\u00bb370&#215;259&#8243; style=\u00bbvc_box_outline\u00bb onclick=\u00bblink_image\u00bb][vc_empty_space][vc_column_text]<\/p>\n<p style=\"text-align: left;\"><strong>Decus Glass 1<\/strong><\/p>\n<p>[\/vc_column_text][vc_column_text]Un volumen simetr\u00eda suave a una soluci\u00f3n en l\u00ednea con cada necesidad.[\/vc_column_text][vc_empty_space][vc_btn title=\u00bbMais info.\u00bb style=\u00bbclassic\u00bb color=\u00bbprimary\u00bb i_icon_fontawesome=\u00bbfa fa-file-pdf-o\u00bb add_icon=\u00bbtrue\u00bb link=\u00bburl:http%3A%2F%2Fbatadec.com%2Fwp-content%2Fuploads%2F2017%2F03%2FDecus-GLASS-IT-EN-DE-FR-low.pdf|title:Decus%20Glass|target:%20_blank|\u00bb][\/vc_column_inner][\/vc_row_inner][vc_row_inner][vc_column_inner width=\u00bb1\/3&#8243;][vc_single_image image=\u00bb12455&#8243; img_size=\u00bb370&#215;259&#8243; alignment=\u00bbcenter\u00bb style=\u00bbvc_box_outline\u00bb onclick=\u00bblink_image\u00bb][vc_empty_space][vc_column_text]<\/p>\n<p style=\"text-align: left;\"><strong>Decus Glass 2<\/strong><\/p>\n<p>[\/vc_column_text][vc_column_text]Un volumen simetr\u00eda suave a una soluci\u00f3n en l\u00ednea con cada necesidad.[\/vc_column_text][vc_empty_space][vc_btn title=\u00bbMais info.\u00bb style=\u00bbclassic\u00bb color=\u00bbprimary\u00bb i_icon_fontawesome=\u00bbfa fa-file-pdf-o\u00bb add_icon=\u00bbtrue\u00bb link=\u00bburl:http%3A%2F%2Fbatadec.com%2Fwp-content%2Fuploads%2F2017%2F03%2FDecus-GLASS-IT-EN-DE-FR-low.pdf|title:Decus%20Glass|target:%20_blank|\u00bb][\/vc_column_inner][vc_column_inner width=\u00bb1\/3&#8243;][vc_single_image image=\u00bb12456&#8243; img_size=\u00bb370&#215;259&#8243; style=\u00bbvc_box_outline\u00bb onclick=\u00bblink_image\u00bb][vc_empty_space][vc_column_text]<\/p>\n<p style=\"text-align: left;\"><strong>Decus Glass 3<\/strong><\/p>\n<p>[\/vc_column_text][vc_column_text]Un volumen simetr\u00eda suave a una soluci\u00f3n en l\u00ednea con cada necesidad.[\/vc_column_text][vc_empty_space][vc_btn title=\u00bbMais info.\u00bb style=\u00bbclassic\u00bb color=\u00bbprimary\u00bb i_icon_fontawesome=\u00bbfa fa-file-pdf-o\u00bb add_icon=\u00bbtrue\u00bb link=\u00bburl:http%3A%2F%2Fbatadec.com%2Fwp-content%2Fuploads%2F2017%2F03%2FDecus-GLASS-IT-EN-DE-FR-low.pdf|title:Decus%20Glass|target:%20_blank|\u00bb][\/vc_column_inner][vc_column_inner width=\u00bb1\/3&#8243;][\/vc_column_inner][\/vc_row_inner][\/vc_tta_section][vc_tta_section title=\u00bbAccesorios\u00bb tab_id=\u00bb1489486263472-c28de1d5-191e4a4a-242f\u00bb][vc_row_inner][vc_column_inner width=\u00bb1\/3&#8243;][vc_single_image image=\u00bb12459&#8243; img_size=\u00bb370&#215;259&#8243; alignment=\u00bbcenter\u00bb style=\u00bbvc_box_outline\u00bb onclick=\u00bblink_image\u00bb][vc_empty_space][vc_column_text]<\/p>\n<p style=\"text-align: left;\"><strong>Veh\u00edculo de apoyo AL \/ CE<\/strong><\/p>\n<p>[\/vc_column_text][vc_column_text]Carro de soporte para los dispositivos m\u00e9dicos[\/vc_column_text][vc_empty_space][vc_btn title=\u00bbMais info.\u00bb style=\u00bbclassic\u00bb color=\u00bbprimary\u00bb i_icon_fontawesome=\u00bbfa fa-file-pdf-o\u00bb add_icon=\u00bbtrue\u00bb link=\u00bburl:http%3A%2F%2Fbatadec.com%2Fwp-content%2Fuploads%2F2017%2F03%2FCarro_de_Apoio_AL-CE.pdf|title:Carro%20de%20apoio%20AL%2FCE|target:%20_blank|\u00bb][\/vc_column_inner][vc_column_inner width=\u00bb1\/3&#8243;][vc_single_image image=\u00bb12460&#8243; img_size=\u00bb370&#215;259&#8243; style=\u00bbvc_box_outline\u00bb onclick=\u00bblink_image\u00bb][vc_empty_space][vc_column_text]<\/p>\n<p style=\"text-align: left;\"><strong>Dispensador de escaparate Focus<\/strong><\/p>\n<p>[\/vc_column_text][vc_column_text]El escaparate de productos desechables[\/vc_column_text][vc_empty_space][vc_btn title=\u00bbMais info.\u00bb style=\u00bbclassic\u00bb color=\u00bbprimary\u00bb i_icon_fontawesome=\u00bbfa fa-file-pdf-o\u00bb add_icon=\u00bbtrue\u00bb link=\u00bburl:http%3A%2F%2Fbatadec.com%2Fwp-content%2Fuploads%2F2017%2F03%2FVitrina_Dispensadora_Focus.pdf|title:Vitrina%20dispensadora%20Focus|target:%20_blank|\u00bb][\/vc_column_inner][vc_column_inner width=\u00bb1\/3&#8243;][\/vc_column_inner][\/vc_row_inner][\/vc_tta_section][\/vc_tta_accordion][\/vc_column][\/vc_row]<\/p>","protected":false},"excerpt":{"rendered":"<p>[vc_row][vc_column][vc_column_text]El Batadec es la marca ASTRA que tiene una amplia gama de productos en el segmento de muebles para cl\u00ednicas, con la esperanza de ser capaz de proporcionar soluciones con el fin de satisfacer las diversas necesidades de sus clientes.[\/vc_column_text][vc_empty_space][\/vc_column][\/vc_row][vc_row][vc_column][vc_tta_accordion][vc_tta_section title=\u00bbMobiliario Cl\u00ednico\u00bb tab_id=\u00bb1476712553815-fc8c2809-cffad389-eaf44a4a-242f\u00bb][vc_row_inner][vc_column_inner width=\u00bb1\/3&#8243;][vc_single_image image=\u00bb12449&#8243; img_size=\u00bb370&#215;259&#8243; alignment=\u00bbcenter\u00bb style=\u00bbvc_box_outline\u00bb onclick=\u00bblink_image\u00bb][vc_empty_space][vc_column_text] Alius Basic-Line 11 [\/vc_column_text][vc_column_text]La inmediatez y&#8230; <a class=\"read-more\" href=\"https:\/\/batadec.com\/es\/produtos\/astra\/\"> READ MORE<\/a><\/p>\n","protected":false},"author":1,"featured_media":0,"parent":12136,"menu_order":0,"comment_status":"closed","ping_status":"closed","template":"","meta":[],"_links":{"self":[{"href":"https:\/\/batadec.com\/es\/wp-json\/wp\/v2\/pages\/12220"}],"collection":[{"href":"https:\/\/batadec.com\/es\/wp-json\/wp\/v2\/pages"}],"about":[{"href":"https:\/\/batadec.com\/es\/wp-json\/wp\/v2\/types\/page"}],"author":[{"embeddable":true,"href":"https:\/\/batadec.com\/es\/wp-json\/wp\/v2\/users\/1"}],"replies":[{"embeddable":true,"href":"https:\/\/batadec.com\/es\/wp-json\/wp\/v2\/comments?post=12220"}],"version-history":[{"count":20,"href":"https:\/\/batadec.com\/es\/wp-json\/wp\/v2\/pages\/12220\/revisions"}],"predecessor-version":[{"id":12536,"href":"https:\/\/batadec.com\/es\/wp-json\/wp\/v2\/pages\/12220\/revisions\/12536"}],"up":[{"embeddable":true,"href":"https:\/\/batadec.com\/es\/wp-json\/wp\/v2\/pages\/12136"}],"wp:attachment":[{"href":"https:\/\/batadec.com\/es\/wp-json\/wp\/v2\/media?parent=12220"}],"curies":[{"name":"wp","href":"https:\/\/api.w.org\/{rel}","templated":true}]}}