{"id":12436,"date":"2017-03-16T17:11:49","date_gmt":"2017-03-16T17:11:49","guid":{"rendered":"http:\/\/batadec.com\/?page_id=12436"},"modified":"2017-03-23T12:31:29","modified_gmt":"2017-03-23T12:31:29","slug":"mestra","status":"publish","type":"page","link":"https:\/\/batadec.com\/es\/produtos\/mestra\/","title":{"rendered":"Mestra"},"content":{"rendered":"<p>[vc_row][vc_column]\t\t\t<div class=\"cortana-heading border-bottom left style1 \" >\n\t\t\t\t\t\t\t\t\t<h2 style=\"font-size:20px\">MESTRA<\/h2>\n\t\t\t\t\t\t\t<\/div>\n\t\t\t[vc_column_text]El Batadec vende los productos de la marca Mestra, de alta calidad, en los sectores de maquinaria y utilidades para cl\u00ednicas dentales, con la esperanza de ser capaz de proporcionar soluciones con el fin de satisfacer las diversas necesidades de sus clientes.[\/vc_column_text][vc_empty_space][\/vc_column][\/vc_row][vc_row][vc_column][vc_tta_accordion][vc_tta_section title=\u00bbM\u00e1quinas\u00bb tab_id=\u00bb1476712553815-fc8c2809-cffad389-eaf4c976-9ea3&#8243;][vc_row_inner][vc_column_inner width=\u00bb1\/3&#8243;][vc_single_image image=\u00bb12479&#8243; img_size=\u00bb370&#215;259&#8243; alignment=\u00bbcenter\u00bb style=\u00bbvc_box_outline\u00bb onclick=\u00bblink_image\u00bb][vc_empty_space][vc_column_text]<strong>Recortadora de modelos MULHACEN<\/strong>[\/vc_column_text][vc_column_text]Recortadora modelos modernos y vers\u00e1tiles. Tiene un potente motor de 1600 W con freno integrado.[\/vc_column_text][vc_empty_space][vc_btn title=\u00bbMais info.\u00bb style=\u00bbclassic\u00bb color=\u00bbprimary\u00bb i_icon_fontawesome=\u00bbfa fa-file-pdf-o\u00bb add_icon=\u00bbtrue\u00bb link=\u00bburl:http%3A%2F%2Fbatadec.com%2Fwp-content%2Fuploads%2F2017%2F03%2FMulhacen.pdf|title:Cortador%20de%20gesso%20Mulhacen|target:%20_blank|\u00bb][\/vc_column_inner][vc_column_inner width=\u00bb1\/3&#8243;][vc_single_image image=\u00bb12482&#8243; img_size=\u00bb370&#215;259&#8243; style=\u00bbvc_box_outline\u00bb onclick=\u00bblink_image\u00bb][vc_empty_space][vc_column_text]<strong>Decantador con bolsa (Peque\u00f1o)<\/strong>[\/vc_column_text][vc_column_text]De polipropileno duradero con dise\u00f1o dise\u00f1ado para lograr una limpieza r\u00e1pida y f\u00e1cil.[\/vc_column_text][vc_empty_space][vc_btn title=\u00bbMais info.\u00bb style=\u00bbclassic\u00bb color=\u00bbprimary\u00bb i_icon_fontawesome=\u00bbfa fa-file-pdf-o\u00bb add_icon=\u00bbtrue\u00bb link=\u00bburl:http%3A%2F%2Fbatadec.com%2Fwp-content%2Fuploads%2F2017%2F03%2FMestra-2017-ES-Cat%C3%A1logo-general-reducido.pdf|title:Decantadora%20com%20bolsa%20(Pequena)|target:%20_blank|\u00bb][\/vc_column_inner][vc_column_inner width=\u00bb1\/3&#8243;][vc_single_image image=\u00bb12486&#8243; img_size=\u00bb370&#215;259&#8243; style=\u00bbvc_box_outline\u00bb onclick=\u00bblink_image\u00bb][vc_empty_space][vc_column_text]<strong>Arenado Plut\u00f3n<\/strong>[\/vc_column_text][vc_column_text]Peque\u00f1o chorro de arena, pero con caracter\u00edsticas similares a las de los modelos m\u00e1s grandes.[\/vc_column_text][vc_empty_space][vc_btn title=\u00bbMais info.\u00bb style=\u00bbclassic\u00bb color=\u00bbprimary\u00bb i_icon_fontawesome=\u00bbfa fa-file-pdf-o\u00bb add_icon=\u00bbtrue\u00bb link=\u00bburl:http%3A%2F%2Fbatadec.com%2Fwp-content%2Fuploads%2F2017%2F03%2F080253-Plut%C3%B3n-ES.pdf|title:Jacto%20de%20areia%20Plut%C3%A3o|target:%20_blank|\u00bb][\/vc_column_inner][\/vc_row_inner][vc_row_inner][vc_column_inner width=\u00bb1\/3&#8243;][vc_single_image image=\u00bb12491&#8243; img_size=\u00bb370&#215;259&#8243; alignment=\u00bbcenter\u00bb style=\u00bbvc_box_outline\u00bb onclick=\u00bblink_image\u00bb][vc_empty_space][vc_column_text]<strong>Gran ba\u00f1o ultras\u00f3nico 6L<\/strong>[\/vc_column_text][vc_column_text]Gran ba\u00f1o ultras\u00f3nico 6L[\/vc_column_text][vc_empty_space][vc_btn title=\u00bbMais info.\u00bb style=\u00bbclassic\u00bb color=\u00bbprimary\u00bb i_icon_fontawesome=\u00bbfa fa-file-pdf-o\u00bb add_icon=\u00bbtrue\u00bb link=\u00bburl:http%3A%2F%2Fbatadec.com%2Fwp-content%2Fuploads%2F2017%2F03%2FMestra-2017-ES-Cat%C3%A1logo-general-reducido.pdf|title:Banho%20de%20ultra-sons%20grande%206L|target:%20_blank|\u00bb][\/vc_column_inner][vc_column_inner width=\u00bb1\/3&#8243;][vc_single_image image=\u00bb12492&#8243; img_size=\u00bb370&#215;259&#8243; style=\u00bbvc_box_outline\u00bb onclick=\u00bblink_image\u00bb][vc_empty_space][vc_column_text]<strong>M\u00e1quina de vapor<\/strong>[\/vc_column_text][vc_column_text]Confiable, seguro y duradero.[\/vc_column_text][vc_empty_space][vc_btn title=\u00bbMais info.\u00bb style=\u00bbclassic\u00bb color=\u00bbprimary\u00bb i_icon_fontawesome=\u00bbfa fa-file-pdf-o\u00bb add_icon=\u00bbtrue\u00bb link=\u00bburl:http%3A%2F%2Fbatadec.com%2Fwp-content%2Fuploads%2F2017%2F03%2FMestra-2017-ES-Cat%C3%A1logo-general-reducido.pdf|title:M%C3%A1quina%20de%20vapor|target:%20_blank|\u00bb][\/vc_column_inner][vc_column_inner width=\u00bb1\/3&#8243;][vc_single_image image=\u00bb12494&#8243; img_size=\u00bb370&#215;259&#8243; style=\u00bbvc_box_outline\u00bb onclick=\u00bblink_image\u00bb][vc_empty_space][vc_column_text]<strong>Micromotor de inducci\u00f3n &#8211; Plus<\/strong>[\/vc_column_text][vc_column_text]Reloj digital. la posici\u00f3n vertical \/ horizontal.[\/vc_column_text][vc_empty_space][vc_btn title=\u00bbMais info.\u00bb style=\u00bbclassic\u00bb color=\u00bbprimary\u00bb i_icon_fontawesome=\u00bbfa fa-file-pdf-o\u00bb add_icon=\u00bbtrue\u00bb link=\u00bburl:http%3A%2F%2Fbatadec.com%2Fwp-content%2Fuploads%2F2017%2F03%2FMestra-2017-ES-Cat%C3%A1logo-general-reducido.pdf|title:Micromotor%20indu%C3%A7%C3%A3o%20-%20Plus|target:%20_blank|\u00bb][\/vc_column_inner][\/vc_row_inner][vc_row_inner][vc_column_inner width=\u00bb1\/3&#8243;][vc_single_image image=\u00bb12496&#8243; img_size=\u00bb370&#215;259&#8243; alignment=\u00bbcenter\u00bb style=\u00bbvc_box_outline\u00bb onclick=\u00bblink_image\u00bb][vc_empty_space][vc_column_text]<strong>Micromotor (cepillos)<\/strong>[\/vc_column_text][vc_column_text]Micromotor para uso ocasional. No es adecuado para metal.[\/vc_column_text][vc_empty_space][vc_btn title=\u00bbMais info.\u00bb style=\u00bbclassic\u00bb color=\u00bbprimary\u00bb i_icon_fontawesome=\u00bbfa fa-file-pdf-o\u00bb add_icon=\u00bbtrue\u00bb link=\u00bburl:http%3A%2F%2Fbatadec.com%2Fwp-content%2Fuploads%2F2017%2F03%2FMestra-2017-ES-Cat%C3%A1logo-general-reducido.pdf|title:Micromotor%20(escovas)|target:%20_blank|\u00bb][\/vc_column_inner][vc_column_inner width=\u00bb1\/3&#8243;][\/vc_column_inner][vc_column_inner width=\u00bb1\/3&#8243;][\/vc_column_inner][\/vc_row_inner][\/vc_tta_section][vc_tta_section title=\u00bbUtilidades\u00bb tab_id=\u00bb1489486263472-c28de1d5-191ec976-9ea3&#8243;][vc_row_inner][vc_column_inner width=\u00bb1\/3&#8243;][vc_single_image image=\u00bb12498&#8243; img_size=\u00bb370&#215;259&#8243; alignment=\u00bbcenter\u00bb style=\u00bbvc_box_outline\u00bb onclick=\u00bblink_image\u00bb][vc_empty_space][vc_column_text]<\/p>\n<p style=\"text-align: left;\"><strong>Tabla de revisiones &#8211; Kit<\/strong><\/p>\n<p>[\/vc_column_text][vc_column_text]Equipo con una mesa de examen funcional y atractivo.[\/vc_column_text][vc_empty_space][vc_btn title=\u00bbMais info.\u00bb style=\u00bbclassic\u00bb color=\u00bbprimary\u00bb i_icon_fontawesome=\u00bbfa fa-file-pdf-o\u00bb add_icon=\u00bbtrue\u00bb link=\u00bburl:http%3A%2F%2Fbatadec.com%2Fwp-content%2Fuploads%2F2017%2F03%2FCat%C3%A1logo-Mestra-2017.pdf|title:Mesa%20de%20revis%C3%A3o|target:%20_blank|\u00bb][\/vc_column_inner][vc_column_inner width=\u00bb1\/3&#8243;][\/vc_column_inner][vc_column_inner width=\u00bb1\/3&#8243;][\/vc_column_inner][\/vc_row_inner][\/vc_tta_section][\/vc_tta_accordion][\/vc_column][\/vc_row]<\/p>","protected":false},"excerpt":{"rendered":"<p>[vc_row][vc_column][vc_column_text]El Batadec vende los productos de la marca Mestra, de alta calidad, en los sectores de maquinaria y utilidades para cl\u00ednicas dentales, con la esperanza de ser capaz de proporcionar soluciones con el fin de satisfacer las diversas necesidades de sus clientes.[\/vc_column_text][vc_empty_space][\/vc_column][\/vc_row][vc_row][vc_column][vc_tta_accordion][vc_tta_section title=\u00bbM\u00e1quinas\u00bb tab_id=\u00bb1476712553815-fc8c2809-cffad389-eaf4c976-9ea3&#8243;][vc_row_inner][vc_column_inner width=\u00bb1\/3&#8243;][vc_single_image image=\u00bb12479&#8243; img_size=\u00bb370&#215;259&#8243; alignment=\u00bbcenter\u00bb style=\u00bbvc_box_outline\u00bb onclick=\u00bblink_image\u00bb][vc_empty_space][vc_column_text]Recortadora de modelos MULHACEN[\/vc_column_text][vc_column_text]Recortadora modelos modernos&#8230; <a class=\"read-more\" href=\"https:\/\/batadec.com\/es\/produtos\/mestra\/\"> READ MORE<\/a><\/p>\n","protected":false},"author":1,"featured_media":0,"parent":12136,"menu_order":0,"comment_status":"closed","ping_status":"closed","template":"","meta":[],"_links":{"self":[{"href":"https:\/\/batadec.com\/es\/wp-json\/wp\/v2\/pages\/12436"}],"collection":[{"href":"https:\/\/batadec.com\/es\/wp-json\/wp\/v2\/pages"}],"about":[{"href":"https:\/\/batadec.com\/es\/wp-json\/wp\/v2\/types\/page"}],"author":[{"embeddable":true,"href":"https:\/\/batadec.com\/es\/wp-json\/wp\/v2\/users\/1"}],"replies":[{"embeddable":true,"href":"https:\/\/batadec.com\/es\/wp-json\/wp\/v2\/comments?post=12436"}],"version-history":[{"count":19,"href":"https:\/\/batadec.com\/es\/wp-json\/wp\/v2\/pages\/12436\/revisions"}],"predecessor-version":[{"id":12533,"href":"https:\/\/batadec.com\/es\/wp-json\/wp\/v2\/pages\/12436\/revisions\/12533"}],"up":[{"embeddable":true,"href":"https:\/\/batadec.com\/es\/wp-json\/wp\/v2\/pages\/12136"}],"wp:attachment":[{"href":"https:\/\/batadec.com\/es\/wp-json\/wp\/v2\/media?parent=12436"}],"curies":[{"name":"wp","href":"https:\/\/api.w.org\/{rel}","templated":true}]}}