{"id":12596,"date":"2017-03-27T09:26:53","date_gmt":"2017-03-27T09:26:53","guid":{"rendered":"http:\/\/batadec.com\/?page_id=12596"},"modified":"2017-03-27T15:27:31","modified_gmt":"2017-03-27T15:27:31","slug":"belmont","status":"publish","type":"page","link":"https:\/\/batadec.com\/es\/produtos\/belmont\/","title":{"rendered":"Belmont"},"content":{"rendered":"<p>[vc_row][vc_column]\t\t\t<div class=\"cortana-heading border-bottom left style1 \" >\n\t\t\t\t\t\t\t\t\t<h2 style=\"font-size:20px\">BELMONT<\/h2>\n\t\t\t\t\t\t\t<\/div>\n\t\t\t[vc_column_text]El Batadec comercializa productos de marca Belmont, de alta calidad, en los campos de las unidades dentales, l\u00e1mparas y taburetes asistentes y m\u00e9dico, con la esperanza de poder presentar para satisfacer las diversas necesidades de sus clientes soluciones.[\/vc_column_text][vc_empty_space][\/vc_column][\/vc_row][vc_row][vc_column][vc_tta_accordion][vc_tta_section title=\u00bbUnidades Dentales\u00bb tab_id=\u00bb1476712553815-fc8c2809-cffad389-eaf4c976-9ea3&#8243;][vc_row_inner][vc_column_inner width=\u00bb1\/3&#8243;][vc_single_image image=\u00bb12600&#8243; img_size=\u00bb370&#215;259&#8243; alignment=\u00bbcenter\u00bb style=\u00bbvc_box_outline\u00bb onclick=\u00bblink_image\u00bb][vc_empty_space][vc_column_text]<strong>CLESTA \u2161<\/strong>[\/vc_column_text][vc_column_text]El CLESTA II establece el est\u00e1ndar para la pr\u00f3xima generaci\u00f3n de centros de tratamiento dental. Disponible con una gran cantidad de opciones y la instrumentaci\u00f3n.[\/vc_column_text][vc_empty_space][vc_btn title=\u00bbMais info.\u00bb style=\u00bbclassic\u00bb color=\u00bbprimary\u00bb i_icon_fontawesome=\u00bbfa fa-file-pdf-o\u00bb add_icon=\u00bbtrue\u00bb link=\u00bburl:http%3A%2F%2Fbatadec.com%2Fwp-content%2Fuploads%2F2017%2F03%2Fclesta2.pdf|title:Clesta%20ii|target:%20_blank|\u00bb][\/vc_column_inner][vc_column_inner width=\u00bb1\/3&#8243;][vc_single_image image=\u00bb12601&#8243; img_size=\u00bb370&#215;259&#8243; style=\u00bbvc_box_outline\u00bb onclick=\u00bblink_image\u00bb][vc_empty_space][vc_column_text]<strong>SP-CLEO \u2161<\/strong>[\/vc_column_text][vc_column_text]La SP-CLEO II es la segunda generaci\u00f3n de la serie \u00abOperaci\u00f3n Super Clean\u00bb. silla plegable y ultra-manejable dise\u00f1ado para una mezcla ecl\u00e9ctica de los tratamientos.[\/vc_column_text][vc_empty_space][vc_btn title=\u00bbMais info.\u00bb style=\u00bbclassic\u00bb color=\u00bbprimary\u00bb i_icon_fontawesome=\u00bbfa fa-file-pdf-o\u00bb add_icon=\u00bbtrue\u00bb link=\u00bburl:http%3A%2F%2Fbatadec.com%2Fwp-content%2Fuploads%2F2017%2F03%2Fsp-cleo2.pdf|title:Cleo%20ii|target:%20_blank|\u00bb][\/vc_column_inner][vc_column_inner width=\u00bb1\/3&#8243;][vc_single_image image=\u00bb12602&#8243; img_size=\u00bb370&#215;259&#8243; style=\u00bbvc_box_outline\u00bb onclick=\u00bblink_image\u00bb][vc_empty_space][vc_column_text]<strong>VOYAGER \u2161<\/strong>[\/vc_column_text][vc_column_text]El Voyager II est\u00e1 dise\u00f1ado para ser elegante, innovador, flexible y c\u00f3modo. Duradera, resistente y ergon\u00f3mico, con el sistema electro-hidr\u00e1ulico de fama mundial.[\/vc_column_text][vc_empty_space][vc_btn title=\u00bbMais info.\u00bb style=\u00bbclassic\u00bb color=\u00bbprimary\u00bb i_icon_fontawesome=\u00bbfa fa-file-pdf-o\u00bb add_icon=\u00bbtrue\u00bb link=\u00bburl:http%3A%2F%2Fbatadec.com%2Fwp-content%2Fuploads%2F2017%2F03%2Fvoyager2.pdf|title:Voyager%20ii|target:%20_blank|\u00bb][\/vc_column_inner][\/vc_row_inner][\/vc_tta_section][vc_tta_section title=\u00bbSillas\u00bb tab_id=\u00bb1490628258807-2334e0ee-42de\u00bb][vc_row_inner][vc_column_inner width=\u00bb1\/3&#8243;][vc_single_image image=\u00bb12642&#8243; img_size=\u00bb370&#215;259&#8243; alignment=\u00bbcenter\u00bb style=\u00bbvc_box_outline\u00bb onclick=\u00bblink_image\u00bb][vc_empty_space][vc_column_text]<strong>PRO\u00a0\u2161<\/strong>[\/vc_column_text][vc_column_text]Protecci\u00f3n para los profesionales[\/vc_column_text][vc_empty_space][vc_btn title=\u00bbMais info.\u00bb style=\u00bbclassic\u00bb color=\u00bbprimary\u00bb i_icon_fontawesome=\u00bbfa fa-file-pdf-o\u00bb add_icon=\u00bbtrue\u00bb link=\u00bburl:http%3A%2F%2Fbatadec.com%2Fwp-content%2Fuploads%2F2017%2F03%2Fpro2.pdf|title:PRO%20II|target:%20_blank|\u00bb][\/vc_column_inner][vc_column_inner width=\u00bb1\/3&#8243;][\/vc_column_inner][vc_column_inner width=\u00bb1\/3&#8243;][\/vc_column_inner][\/vc_row_inner][\/vc_tta_section][vc_tta_section title=\u00bbL\u00e1mparas\u00bb tab_id=\u00bb1489486263472-c28de1d5-191ec976-9ea3&#8243;][vc_row_inner][vc_column_inner width=\u00bb1\/3&#8243;][vc_single_image image=\u00bb12607&#8243; img_size=\u00bb370&#215;259&#8243; alignment=\u00bbcenter\u00bb style=\u00bbvc_box_outline\u00bb onclick=\u00bblink_image\u00bb][vc_empty_space][vc_column_text]<\/p>\n<p style=\"text-align: left;\"><strong>DENTAL LIGHT 900<\/strong><\/p>\n<p>[\/vc_column_text][vc_column_text]Reproducci\u00f3n de los colores correctos<br \/>\nF\u00e1cil en los ojos<br \/>\nOperaci\u00f3n f\u00e1cil[\/vc_column_text][vc_empty_space][vc_btn title=\u00bbMais info.\u00bb style=\u00bbclassic\u00bb color=\u00bbprimary\u00bb i_icon_fontawesome=\u00bbfa fa-file-pdf-o\u00bb add_icon=\u00bbtrue\u00bb link=\u00bburl:http%3A%2F%2Fbatadec.com%2Fwp-content%2Fuploads%2F2017%2F03%2F900_light.pdf|title:Dental%20Light%20900|target:%20_blank|\u00bb][\/vc_column_inner][vc_column_inner width=\u00bb1\/3&#8243;][vc_single_image image=\u00bb12608&#8243; img_size=\u00bb370&#215;259&#8243; style=\u00bbvc_box_outline\u00bb onclick=\u00bblink_image\u00bb][vc_empty_space][vc_column_text]<\/p>\n<p style=\"text-align: left;\"><strong>DENTAL LIGHT 300 LED\u00a0<\/strong><\/p>\n<p>[\/vc_column_text][vc_column_text]Reproducci\u00f3n de los colores correctos<br \/>\nF\u00e1cil en los ojos<br \/>\nOperaci\u00f3n f\u00e1cil[\/vc_column_text][vc_empty_space][vc_btn title=\u00bbMais info.\u00bb style=\u00bbclassic\u00bb color=\u00bbprimary\u00bb i_icon_fontawesome=\u00bbfa fa-file-pdf-o\u00bb add_icon=\u00bbtrue\u00bb link=\u00bburl:http%3A%2F%2Fbatadec.com%2Fwp-content%2Fuploads%2F2017%2F03%2F300_light.pdf|title:Dental%20Light%20300%20Led|target:%20_blank|\u00bb][\/vc_column_inner][vc_column_inner width=\u00bb1\/3&#8243;][vc_single_image image=\u00bb12609&#8243; img_size=\u00bb370&#215;259&#8243; style=\u00bbvc_box_outline\u00bb onclick=\u00bblink_image\u00bb][vc_empty_space][vc_column_text]<\/p>\n<p style=\"text-align: left;\"><strong>048 LIGHT<\/strong><\/p>\n<p>[\/vc_column_text][vc_column_text]La luz es el color combinado con luz natural, tiene el doble de la intensidad del control de encendido-apagado, suave y f\u00e1cil posicionamiento.[\/vc_column_text][vc_empty_space][vc_btn title=\u00bbMais info.\u00bb style=\u00bbclassic\u00bb color=\u00bbprimary\u00bb i_icon_fontawesome=\u00bbfa fa-file-pdf-o\u00bb add_icon=\u00bbtrue\u00bb link=\u00bburl:http%3A%2F%2Fbatadec.com%2Fwp-content%2Fuploads%2F2017%2F03%2F048.pdf|title:048%20Light|target:%20_blank|\u00bb][\/vc_column_inner][\/vc_row_inner][vc_row_inner][vc_column_inner width=\u00bb1\/3&#8243;][vc_single_image image=\u00bb12610&#8243; img_size=\u00bb370&#215;259&#8243; alignment=\u00bbcenter\u00bb style=\u00bbvc_box_outline\u00bb onclick=\u00bblink_image\u00bb][vc_empty_space][vc_column_text]<\/p>\n<p style=\"text-align: left;\"><strong>io5000 Series<\/strong><\/p>\n<p>[\/vc_column_text][vc_column_text]Al acercarse a la luz natural blanco ideal. sombra coincidencia de colores, con un color de la luz en el rango de 5.000 grados K, ofrecer\u00e1 un color m\u00e1s precisa de un objeto.[\/vc_column_text][vc_empty_space][vc_btn title=\u00bbMais info.\u00bb style=\u00bbclassic\u00bb color=\u00bbprimary\u00bb i_icon_fontawesome=\u00bbfa fa-file-pdf-o\u00bb add_icon=\u00bbtrue\u00bb link=\u00bburl:http%3A%2F%2Fbatadec.com%2Fwp-content%2Fuploads%2F2017%2F03%2Fio_5000.pdf|title:io5000%20Series|target:%20_blank|\u00bb][\/vc_column_inner][vc_column_inner width=\u00bb1\/3&#8243;][vc_single_image image=\u00bb12611&#8243; img_size=\u00bb370&#215;259&#8243; alignment=\u00bbcenter\u00bb style=\u00bbvc_box_outline\u00bb onclick=\u00bblink_image\u00bb][vc_empty_space][vc_column_text]<\/p>\n<p style=\"text-align: left;\"><strong>701 Series<\/strong><\/p>\n<p>[\/vc_column_text][vc_column_text]La luz con alta capacidad \u00f3ptica. Controlador de tres posiciones con la selecci\u00f3n del modo de seguridad. Dos modos de intensidad, para la iluminaci\u00f3n de la cavidad bucal.[\/vc_column_text][vc_empty_space][vc_btn title=\u00bbMais info.\u00bb style=\u00bbclassic\u00bb color=\u00bbprimary\u00bb i_icon_fontawesome=\u00bbfa fa-file-pdf-o\u00bb add_icon=\u00bbtrue\u00bb link=\u00bburl:http%3A%2F%2Fbatadec.com%2Fwp-content%2Fuploads%2F2017%2F03%2F701.pdf|title:701%20Series|target:%20_blank|\u00bb][\/vc_column_inner][vc_column_inner width=\u00bb1\/3&#8243;][\/vc_column_inner][\/vc_row_inner][\/vc_tta_section][vc_tta_section title=\u00bb Bancos de M\u00e9dicos y Asistentes\u00bb tab_id=\u00bb1489507046628-54baf41a-f796&#8243;][vc_row_inner][vc_column_inner width=\u00bb1\/3&#8243;][vc_single_image image=\u00bb12622&#8243; img_size=\u00bb370&#215;259&#8243; alignment=\u00bbcenter\u00bb style=\u00bbvc_box_outline\u00bb onclick=\u00bblink_image\u00bb][vc_empty_space][vc_column_text]<\/p>\n<p style=\"text-align: left;\"><strong>DX-004D<\/strong><\/p>\n<p>[\/vc_column_text][vc_column_text]- Altura de los asientos y ajuste de la inclinaci\u00f3n para el cilindro de gas.<br \/>\n&#8211; La altura del asiento suave y ligera y ajuste de la inclinaci\u00f3n con la palanca de mano.<br \/>\n&#8211; Asiento y el respaldo inclinado hacia adelante para soporte lumbar relajada y c\u00f3moda.<br \/>\n&#8211; 5 patas, base de aluminio fundido proporciona la m\u00e1xima estabilidad.[\/vc_column_text][vc_empty_space][vc_btn title=\u00bbMais info.\u00bb style=\u00bbclassic\u00bb color=\u00bbprimary\u00bb i_icon_fontawesome=\u00bbfa fa-file-pdf-o\u00bb add_icon=\u00bbtrue\u00bb link=\u00bburl:http%3A%2F%2Fbatadec.com%2Fwp-content%2Fuploads%2F2017%2F03%2Fstools.pdf|title:Cat%C3%A1logo%20Geral|target:%20_blank|\u00bb][\/vc_column_inner][vc_column_inner width=\u00bb1\/3&#8243;][vc_single_image image=\u00bb12623&#8243; img_size=\u00bb370&#215;259&#8243; style=\u00bbvc_box_outline\u00bb onclick=\u00bblink_image\u00bb][vc_empty_space][vc_column_text]<\/p>\n<p style=\"text-align: left;\"><strong>DX-004A<\/strong><\/p>\n<p>[\/vc_column_text][vc_column_text]- Altura de los asientos y ajuste de la inclinaci\u00f3n para el cilindro de gas.<br \/>\n&#8211; Regulaci\u00f3n de la altura del asiento de f\u00e1cil acceso en la palanca de anillo.<br \/>\n&#8211; Que gira 360 grados pilar.<br \/>\n&#8211; 5 patas, base de aluminio fundido proporciona la m\u00e1xima estabilidad.<br \/>\n&#8211; Anillo para reposapi\u00e9s para el confort (opcional).[\/vc_column_text][vc_empty_space][vc_btn title=\u00bbMais info.\u00bb style=\u00bbclassic\u00bb color=\u00bbprimary\u00bb i_icon_fontawesome=\u00bbfa fa-file-pdf-o\u00bb add_icon=\u00bbtrue\u00bb link=\u00bburl:http%3A%2F%2Fbatadec.com%2Fwp-content%2Fuploads%2F2017%2F03%2Fstools.pdf|title:Cat%C3%A1logo%20Geral|target:%20_blank|\u00bb][\/vc_column_inner][vc_column_inner width=\u00bb1\/3&#8243;][vc_single_image image=\u00bb12624&#8243; img_size=\u00bb370&#215;259&#8243; style=\u00bbvc_box_outline\u00bb onclick=\u00bblink_image\u00bb][vc_empty_space][vc_column_text]<\/p>\n<p style=\"text-align: left;\"><strong>DX-002K<\/strong><\/p>\n<p>[\/vc_column_text][vc_column_text]- Altura de los asientos y ajuste de la inclinaci\u00f3n para el cilindro de gas.<br \/>\n&#8211; El anillo de palanca se encuentra debajo del asiento, y es suave y la luz en el ajuste.<br \/>\n&#8211; Fijo de tope para una mayor estabilidad y se puede utilizar como un brazo.<br \/>\n&#8211; Colch\u00f3n extra grueso para mayor comodidad.<br \/>\n&#8211; 5 patas, base de aluminio y la m\u00e1xima estabilidad.[\/vc_column_text][vc_empty_space][vc_btn title=\u00bbMais info.\u00bb style=\u00bbclassic\u00bb color=\u00bbprimary\u00bb i_icon_fontawesome=\u00bbfa fa-file-pdf-o\u00bb add_icon=\u00bbtrue\u00bb link=\u00bburl:http%3A%2F%2Fbatadec.com%2Fwp-content%2Fuploads%2F2017%2F03%2Fstools.pdf|title:Cat%C3%A1logo%20Geral|target:%20_blank|\u00bb][\/vc_column_inner][\/vc_row_inner][vc_row_inner][vc_column_inner width=\u00bb1\/3&#8243;][vc_single_image image=\u00bb12625&#8243; img_size=\u00bb370&#215;259&#8243; alignment=\u00bbcenter\u00bb style=\u00bbvc_box_outline\u00bb onclick=\u00bblink_image\u00bb][vc_empty_space][vc_column_text]<\/p>\n<p style=\"text-align: left;\"><strong>DX-002N<\/strong><\/p>\n<p>[\/vc_column_text][vc_column_text]- Regulaci\u00f3n de la altura del asiento de f\u00e1cil acceso en la palanca de anillo.<br \/>\n&#8211; Soluci\u00f3n de parada para una mayor estabilidad y se puede utilizar como un brazo.<br \/>\n&#8211; Anillo de soporte para la comodidad del pie.<br \/>\n&#8211; 5 patas, base de aluminio y la m\u00e1xima estabilidad.[\/vc_column_text][vc_empty_space][vc_btn title=\u00bbMais info.\u00bb style=\u00bbclassic\u00bb color=\u00bbprimary\u00bb i_icon_fontawesome=\u00bbfa fa-file-pdf-o\u00bb add_icon=\u00bbtrue\u00bb link=\u00bburl:http%3A%2F%2Fbatadec.com%2Fwp-content%2Fuploads%2F2017%2F03%2Fstools.pdf|title:Cat%C3%A1logo%20Geral|target:%20_blank|\u00bb][\/vc_column_inner][vc_column_inner width=\u00bb1\/3&#8243;][vc_single_image image=\u00bb12626&#8243; img_size=\u00bb370&#215;259&#8243; style=\u00bbvc_box_outline\u00bb onclick=\u00bblink_image\u00bb][vc_empty_space][vc_column_text]<\/p>\n<p style=\"text-align: left;\"><strong>DH-007N<\/strong><\/p>\n<p>[\/vc_column_text][vc_column_text]- Ajuste de la altura de asiento por cilindro de gas.<br \/>\n&#8211; Ajuste de altura del asiento suave y ligera con palanca manual.<br \/>\n&#8211; Retenedor fijo para mayor estabilidad.<br \/>\n&#8211; 5 patas, base de aluminio fundido proporciona la m\u00e1xima estabilidad.[\/vc_column_text][vc_empty_space][vc_btn title=\u00bbMais info.\u00bb style=\u00bbclassic\u00bb color=\u00bbprimary\u00bb i_icon_fontawesome=\u00bbfa fa-file-pdf-o\u00bb add_icon=\u00bbtrue\u00bb link=\u00bburl:http%3A%2F%2Fbatadec.com%2Fwp-content%2Fuploads%2F2017%2F03%2Fstools.pdf|title:Cat%C3%A1logo%20Geral|target:%20_blank|\u00bb][\/vc_column_inner][vc_column_inner width=\u00bb1\/3&#8243;][vc_single_image image=\u00bb12365&#8243; img_size=\u00bb370&#215;259&#8243; style=\u00bbvc_box_outline\u00bb onclick=\u00bblink_image\u00bb][vc_empty_space][vc_column_text]<\/p>\n<p style=\"text-align: left;\"><strong>DH-009L<\/strong><\/p>\n<p>[\/vc_column_text][vc_column_text]- Dos ruedas dotadas de freno para impedir el movimiento involuntario.<br \/>\n&#8211; Asiento dise\u00f1ado ergon\u00f3micamente para las mujeres.<br \/>\n&#8211; Capacidad para el tratamiento con una postura inclinado hacia adelante.[\/vc_column_text][vc_empty_space][vc_btn title=\u00bbMais info.\u00bb style=\u00bbclassic\u00bb color=\u00bbprimary\u00bb i_icon_fontawesome=\u00bbfa fa-file-pdf-o\u00bb add_icon=\u00bbtrue\u00bb link=\u00bburl:http%3A%2F%2Fbatadec.com%2Fwp-content%2Fuploads%2F2017%2F03%2Fstools.pdf|title:Cat%C3%A1logo%20Geral|target:%20_blank|\u00bb][\/vc_column_inner][\/vc_row_inner][\/vc_tta_section][\/vc_tta_accordion][\/vc_column][\/vc_row]<\/p>","protected":false},"excerpt":{"rendered":"<p>[vc_row][vc_column][vc_column_text]El Batadec comercializa productos de marca Belmont, de alta calidad, en los campos de las unidades dentales, l\u00e1mparas y taburetes asistentes y m\u00e9dico, con la esperanza de poder presentar para satisfacer las diversas necesidades de sus clientes soluciones.[\/vc_column_text][vc_empty_space][\/vc_column][\/vc_row][vc_row][vc_column][vc_tta_accordion][vc_tta_section title=\u00bbUnidades Dentales\u00bb tab_id=\u00bb1476712553815-fc8c2809-cffad389-eaf4c976-9ea3&#8243;][vc_row_inner][vc_column_inner width=\u00bb1\/3&#8243;][vc_single_image image=\u00bb12600&#8243; img_size=\u00bb370&#215;259&#8243; alignment=\u00bbcenter\u00bb style=\u00bbvc_box_outline\u00bb onclick=\u00bblink_image\u00bb][vc_empty_space][vc_column_text]CLESTA \u2161[\/vc_column_text][vc_column_text]El CLESTA II establece el est\u00e1ndar para la&#8230; <a class=\"read-more\" href=\"https:\/\/batadec.com\/es\/produtos\/belmont\/\"> READ MORE<\/a><\/p>\n","protected":false},"author":1,"featured_media":0,"parent":12136,"menu_order":0,"comment_status":"closed","ping_status":"closed","template":"","meta":[],"_links":{"self":[{"href":"https:\/\/batadec.com\/es\/wp-json\/wp\/v2\/pages\/12596"}],"collection":[{"href":"https:\/\/batadec.com\/es\/wp-json\/wp\/v2\/pages"}],"about":[{"href":"https:\/\/batadec.com\/es\/wp-json\/wp\/v2\/types\/page"}],"author":[{"embeddable":true,"href":"https:\/\/batadec.com\/es\/wp-json\/wp\/v2\/users\/1"}],"replies":[{"embeddable":true,"href":"https:\/\/batadec.com\/es\/wp-json\/wp\/v2\/comments?post=12596"}],"version-history":[{"count":18,"href":"https:\/\/batadec.com\/es\/wp-json\/wp\/v2\/pages\/12596\/revisions"}],"predecessor-version":[{"id":12643,"href":"https:\/\/batadec.com\/es\/wp-json\/wp\/v2\/pages\/12596\/revisions\/12643"}],"up":[{"embeddable":true,"href":"https:\/\/batadec.com\/es\/wp-json\/wp\/v2\/pages\/12136"}],"wp:attachment":[{"href":"https:\/\/batadec.com\/es\/wp-json\/wp\/v2\/media?parent=12596"}],"curies":[{"name":"wp","href":"https:\/\/api.w.org\/{rel}","templated":true}]}}